{"id":21,"date":"2024-04-01T17:05:20","date_gmt":"2024-04-01T17:05:20","guid":{"rendered":"https:\/\/pillevaljataga.com\/assistent\/meist\/"},"modified":"2025-01-08T17:50:22","modified_gmt":"2025-01-08T17:50:22","slug":"meist","status":"publish","type":"page","link":"https:\/\/pillevaljataga.com\/assistent\/meist\/","title":{"rendered":"Minust"},"content":{"rendered":"\n<div class=\"wp-block-group alignfull has-background-background-color has-background is-layout-constrained wp-block-group-is-layout-constrained\" style=\"margin-top:0;margin-bottom:0;padding-top:0\">\n<div class=\"wp-block-cover alignfull\" style=\"padding-top:0;padding-right:0;padding-bottom:0;padding-left:0;min-height:50px;aspect-ratio:unset;\"><span aria-hidden=\"true\" class=\"wp-block-cover__background has-black-background-color has-background-dim-60 has-background-dim\"><\/span><img loading=\"lazy\" decoding=\"async\" width=\"1280\" height=\"1919\" class=\"wp-block-cover__image-background wp-image-132\" alt=\"\" src=\"https:\/\/pillevaljataga.com\/assistent\/wp-content\/uploads\/2025\/01\/34773a2ac9e2dfdc97265d3fc5ecdf59f7f5ea0b.jpg\" data-object-fit=\"cover\" srcset=\"https:\/\/pillevaljataga.com\/assistent\/wp-content\/uploads\/2025\/01\/34773a2ac9e2dfdc97265d3fc5ecdf59f7f5ea0b.jpg 1280w, https:\/\/pillevaljataga.com\/assistent\/wp-content\/uploads\/2025\/01\/34773a2ac9e2dfdc97265d3fc5ecdf59f7f5ea0b-200x300.jpg 200w, https:\/\/pillevaljataga.com\/assistent\/wp-content\/uploads\/2025\/01\/34773a2ac9e2dfdc97265d3fc5ecdf59f7f5ea0b-683x1024.jpg 683w, https:\/\/pillevaljataga.com\/assistent\/wp-content\/uploads\/2025\/01\/34773a2ac9e2dfdc97265d3fc5ecdf59f7f5ea0b-768x1151.jpg 768w, https:\/\/pillevaljataga.com\/assistent\/wp-content\/uploads\/2025\/01\/34773a2ac9e2dfdc97265d3fc5ecdf59f7f5ea0b-1025x1536.jpg 1025w, https:\/\/pillevaljataga.com\/assistent\/wp-content\/uploads\/2025\/01\/34773a2ac9e2dfdc97265d3fc5ecdf59f7f5ea0b-600x900.jpg 600w\" sizes=\"auto, (max-width: 1280px) 100vw, 1280px\" \/><div class=\"wp-block-cover__inner-container is-layout-flow wp-block-cover-is-layout-flow\">\n<div class=\"wp-block-group is-layout-constrained wp-container-core-group-is-layout-dc79e9a9 wp-block-group-is-layout-constrained\" style=\"padding-top:var(--wp--preset--spacing--60);padding-right:var(--wp--preset--spacing--30);padding-bottom:var(--wp--preset--spacing--60);padding-left:var(--wp--preset--spacing--30)\">\n<h1 class=\"wp-block-heading has-text-align-center has-text-color has-x-large-font-size\" style=\"color:#fffffffc\">Kvaliteetsed virtuaalassistendi lahendused \u00fcle Eesti<\/h1>\n<\/div>\n<\/div><\/div>\n<\/div>\n\n\n\n<div class=\"inherit-container-width wp-block-group alignfull has-background-background-color has-background is-layout-constrained wp-container-core-group-is-layout-7276a2bb wp-block-group-is-layout-constrained\" style=\"margin-top:0;margin-bottom:0;padding-top:var(--wp--preset--spacing--60);padding-right:var(--wp--preset--spacing--30);padding-bottom:var(--wp--preset--spacing--60);padding-left:var(--wp--preset--spacing--30)\">\n<div class=\"wp-block-columns alignwide are-vertically-aligned-center is-layout-flex wp-container-core-columns-is-layout-47c06fe3 wp-block-columns-is-layout-flex\">\n<div class=\"wp-block-column is-vertically-aligned-center is-layout-flow wp-block-column-is-layout-flow\" style=\"flex-basis:60%\">\n<h3 class=\"wp-block-heading has-text-align-left\">Minu lugu<\/h3>\n\n\n\n<p style=\"margin-top:16px\">S\u00fcndinud-kasvanud olen Hiiumaal K\u00f5pu poolsaarel, edasi tulin Tallinnasse \u00fclikooli (sain ka tehnikateaduste magistri kraadi), vanematelt raha kaasa ei saanud, t\u00f6\u00f6tasin \u00f6\u00f6siti \u00f6\u00f6klubides. Peale kooli l\u00f5ppu sain t\u00f6\u00f6le hoopis Eesti Kohtuekspertiisi Instituuti s\u00f5rmej\u00e4ljeeksperdiks.  Sain kaks mitte k\u00f5ige kergemini kasvatatavat last ja kuna abilisi polnud, ei olnud enam v\u00f5imalik 8-17 t\u00f6\u00f6l k\u00e4ia ning hakkasin kodus t\u00f6\u00f6tamise v\u00f5imalusi otsima.<\/p>\n\n\n\n<p style=\"margin-top:16px\"> Imeloomad O\u00dc on mul aastast 2017, mis omad kaubam\u00e4rke Imeloom, Looduskiiker ja Teeme koos lastega. Selle aja jooksul olen omale selgeks teinud k\u00f5ik ettev\u00f5tlusega seotud teemad alates raamatupidamisest kuni kodulehtede ja e-poodide tegemiseni v\u00e4lja. N\u00fc\u00fcd on aeg neid kogemusi jagada ka teistega.<\/p>\n<\/div>\n\n\n\n<div class=\"wp-block-column is-vertically-aligned-center is-layout-flow wp-container-core-column-is-layout-f5bb311e wp-block-column-is-layout-flow\" style=\"flex-basis:50%\">\n<figure class=\"wp-block-image size-large\"><img loading=\"lazy\" decoding=\"async\" width=\"1024\" height=\"739\" src=\"https:\/\/pillevaljataga.com\/assistent\/wp-content\/uploads\/2024\/04\/IMGP7373-copy-1024x739.jpg\" alt=\"\" class=\"wp-image-60\" srcset=\"https:\/\/pillevaljataga.com\/assistent\/wp-content\/uploads\/2024\/04\/IMGP7373-copy-1024x739.jpg 1024w, https:\/\/pillevaljataga.com\/assistent\/wp-content\/uploads\/2024\/04\/IMGP7373-copy-300x216.jpg 300w, https:\/\/pillevaljataga.com\/assistent\/wp-content\/uploads\/2024\/04\/IMGP7373-copy-768x554.jpg 768w, https:\/\/pillevaljataga.com\/assistent\/wp-content\/uploads\/2024\/04\/IMGP7373-copy-1536x1108.jpg 1536w, https:\/\/pillevaljataga.com\/assistent\/wp-content\/uploads\/2024\/04\/IMGP7373-copy-2048x1477.jpg 2048w, https:\/\/pillevaljataga.com\/assistent\/wp-content\/uploads\/2024\/04\/IMGP7373-copy-600x433.jpg 600w\" sizes=\"auto, (max-width: 1024px) 100vw, 1024px\" \/><\/figure>\n<\/div>\n<\/div>\n<\/div>\n\n\n\n<div class=\"wp-block-columns is-layout-flex wp-container-core-columns-is-layout-28f84493 wp-block-columns-is-layout-flex\">\n<div class=\"wp-block-column is-layout-flow wp-block-column-is-layout-flow\">\n<figure class=\"wp-block-image size-large is-resized\"><img loading=\"lazy\" decoding=\"async\" width=\"981\" height=\"1024\" src=\"https:\/\/pillevaljataga.com\/assistent\/wp-content\/uploads\/2024\/04\/IMGP9447-copy-981x1024.jpg\" alt=\"\" class=\"wp-image-62\" style=\"width:326px;height:auto\" srcset=\"https:\/\/pillevaljataga.com\/assistent\/wp-content\/uploads\/2024\/04\/IMGP9447-copy-981x1024.jpg 981w, https:\/\/pillevaljataga.com\/assistent\/wp-content\/uploads\/2024\/04\/IMGP9447-copy-287x300.jpg 287w, https:\/\/pillevaljataga.com\/assistent\/wp-content\/uploads\/2024\/04\/IMGP9447-copy-768x802.jpg 768w, https:\/\/pillevaljataga.com\/assistent\/wp-content\/uploads\/2024\/04\/IMGP9447-copy-1471x1536.jpg 1471w, https:\/\/pillevaljataga.com\/assistent\/wp-content\/uploads\/2024\/04\/IMGP9447-copy-1962x2048.jpg 1962w, https:\/\/pillevaljataga.com\/assistent\/wp-content\/uploads\/2024\/04\/IMGP9447-copy-600x626.jpg 600w\" sizes=\"auto, (max-width: 981px) 100vw, 981px\" \/><\/figure>\n<\/div>\n\n\n\n<div class=\"wp-block-column is-layout-flow wp-block-column-is-layout-flow\">\n<h3 class=\"wp-block-heading\">Milline t\u00f6\u00f6 mul silma s\u00e4rama paneb?<\/h3>\n\n\n\n<p>Iseenda t\u00f6\u00f6andajana ja ise k\u00f5ike tegijana olen pidanud leidma kiiremaid lahendusi ja lihtsamaid teid. Tihti p\u00f5rkan ka oma ideele lahendust otsides vastu arvamusele, et ei saa. K\u00f5ike saab ja see \u00e4ra lahenduste leidmine tegemine ongi k\u00f5ige p\u00f5nevam. AI k\u00e4est k\u00fcsimine ja Google kasutamine on selge. Kui midagi teen, teen kogu hingega ja kogu s\u00fcdamest.<\/p>\n\n\n\n<p>Veel paneb silma s\u00e4rama fotografia, fotode t\u00f6\u00f6tlemine, Canvas kujundamine ja tekstide kirjutamine. Vaimustun ka uuesti ja uuesti Canva v\u00f5imalustest. K\u00f5ik minu lehtede visuaalid ja tekstid on mu enda tehtud. Mulle meeldib elav, r\u00f5\u00f5mus, v\u00e4rviline ja eristuv.  <\/p>\n<\/div>\n<\/div>\n\n\n\n<div class=\"inherit-container-width wp-block-group alignfull has-background-background-color has-background is-layout-constrained wp-container-core-group-is-layout-7276a2bb wp-block-group-is-layout-constrained\" style=\"margin-top:0;margin-bottom:0;padding-top:var(--wp--preset--spacing--60);padding-right:var(--wp--preset--spacing--30);padding-bottom:var(--wp--preset--spacing--60);padding-left:var(--wp--preset--spacing--30)\">\n<div class=\"wp-block-columns alignwide are-vertically-aligned-center is-layout-flex wp-container-core-columns-is-layout-47c06fe3 wp-block-columns-is-layout-flex\">\n<div class=\"wp-block-column is-vertically-aligned-center is-layout-flow wp-block-column-is-layout-flow\" style=\"flex-basis:60%\">\n<h3 class=\"wp-block-heading has-text-align-left\">Minu hobid<\/h3>\n\n\n\n<p style=\"margin-top:16px\">Saab \u00f6elda, et ma ainult hobidega tegelengi, sest ma naudin k\u00f5iki oma tegemisi v\u00e4ga. Kui veel aega \u00fcle j\u00e4\u00e4b, siis : <\/p>\n\n\n\n<ul class=\"wp-block-list\">\n<li>Juba kaheksas aasta k\u00e4in igap\u00e4evaselt \u00e4ra v\u00e4hemalt 10000 sammu, see teeb umbes 3000 km aastas.<\/li>\n\n\n\n<li>Suvel elan Hiiumaal ja kasvatan seal k\u00f5ik oma toidu ise, nii k\u00f6\u00f6givilja, kasvuhoonekraami kui ka marjad-\u00f5unad<\/li>\n\n\n\n<li>Mulle meeldib reisida ja igal aastal seiklen v\u00e4hemalt korra \u00fcksinda.  Pildil Etna.<\/li>\n\n\n\n<li>K\u00e4in ka matkamas ja tihti v\u00f5tan loodusesse fotoaparaadi kaasa. <\/li>\n\n\n\n<li>Viimastel aastatel olen lugenud 60 raamatut aastas. <\/li>\n\n\n\n<li>Mere \u00e4\u00e4res p\u00e4ikese k\u00e4es peesitamisest ei \u00fctle ka \u00e4ra<\/li>\n<\/ul>\n<\/div>\n\n\n\n<div class=\"wp-block-column is-vertically-aligned-center is-layout-flow wp-container-core-column-is-layout-f5bb311e wp-block-column-is-layout-flow\" style=\"flex-basis:50%\">\n<figure class=\"wp-block-image size-large\"><img loading=\"lazy\" decoding=\"async\" width=\"1024\" height=\"769\" src=\"https:\/\/pillevaljataga.com\/assistent\/wp-content\/uploads\/2024\/04\/IMG_5735-1024x769.jpeg\" alt=\"\" class=\"wp-image-63\" srcset=\"https:\/\/pillevaljataga.com\/assistent\/wp-content\/uploads\/2024\/04\/IMG_5735-1024x769.jpeg 1024w, https:\/\/pillevaljataga.com\/assistent\/wp-content\/uploads\/2024\/04\/IMG_5735-300x225.jpeg 300w, https:\/\/pillevaljataga.com\/assistent\/wp-content\/uploads\/2024\/04\/IMG_5735-768x577.jpeg 768w, https:\/\/pillevaljataga.com\/assistent\/wp-content\/uploads\/2024\/04\/IMG_5735-1536x1153.jpeg 1536w, https:\/\/pillevaljataga.com\/assistent\/wp-content\/uploads\/2024\/04\/IMG_5735-600x450.jpeg 600w, https:\/\/pillevaljataga.com\/assistent\/wp-content\/uploads\/2024\/04\/IMG_5735.jpeg 2046w\" sizes=\"auto, (max-width: 1024px) 100vw, 1024px\" \/><\/figure>\n<\/div>\n<\/div>\n<\/div>\n\n\n\n<div class=\"inherit-container-width wp-block-group alignfull has-background-background-color has-background is-layout-constrained wp-container-core-group-is-layout-7276a2bb wp-block-group-is-layout-constrained\" style=\"margin-top:0;margin-bottom:0;padding-top:var(--wp--preset--spacing--60);padding-right:var(--wp--preset--spacing--30);padding-bottom:var(--wp--preset--spacing--60);padding-left:var(--wp--preset--spacing--30)\">\n<div class=\"wp-block-group alignwide is-content-justification-space-between is-layout-flex wp-container-core-group-is-layout-9366075c wp-block-group-is-layout-flex\">\n<div class=\"wp-block-group is-layout-constrained wp-block-group-is-layout-constrained\">\n<h3 class=\"wp-block-heading\">V\u00f5ta \u00fchendust ja avasta Pille V\u00e4ljataga erakordset virtuaalabi<\/h3>\n\n\n\n<p style=\"margin-top:16px\">Olen 46-aastane ja tegutsemise kogemust erinevates sektorites (avalik, MT\u00dc, ettev\u00f5tlus) on. Olen valmis sindki aitama, tehes \u00e4ra asja, mis mul tulevad kiiresti v\u00e4lja, aga mida sina ei naudi. Nii j\u00f5uame kois kiiremini ja kaugemale. Tutvu minu tegemistega ja v\u00f5ta julgelt \u00fchendust pillevaljataga@gmail.com v\u00f5i messengeris. <\/p>\n\n\n\n<p>Tutvume \u00fcksteisega kas jalutamisl\u00f5unal, kohvikus v\u00f5i virtuaalselt. Tutvumiskohtumine alati tasuta. <\/p>\n\n\n\n<p><\/p>\n<\/div>\n\n\n\n<div class=\"wp-block-buttons is-horizontal is-content-justification-right is-layout-flex wp-container-core-buttons-is-layout-27c00227 wp-block-buttons-is-layout-flex\">\n<div class=\"wp-block-button is-style-outline is-style-outline--1\"><a class=\"wp-block-button__link wp-element-button\" href=\"https:\/\/pillevaljataga.com\/assistent\/teenused\/\">Teenused<\/a><\/div>\n\n\n\n<div class=\"wp-block-button\"><a class=\"wp-block-button__link wp-element-button\" href=\"https:\/\/pillevaljataga.com\/assistent\/soovitused\/\">Kogemused<\/a><\/div>\n<\/div>\n<\/div>\n<\/div>\n","protected":false},"excerpt":{"rendered":"<p>Minu lugu S\u00fcndinud-kasvanud olen Hiiumaal K\u00f5pu poolsaarel, edasi tulin Tallinnasse \u00fclikooli (sain ka tehnikateaduste magistri kraadi), vanematelt raha kaasa ei [&hellip;]<\/p>\n","protected":false},"author":1,"featured_media":0,"parent":0,"menu_order":0,"comment_status":"closed","ping_status":"closed","template":"no-title","meta":{"site-sidebar-layout":"default","site-content-layout":"","ast-site-content-layout":"default","site-content-style":"default","site-sidebar-style":"default","ast-global-header-display":"","ast-banner-title-visibility":"","ast-main-header-display":"","ast-hfb-above-header-display":"","ast-hfb-below-header-display":"","ast-hfb-mobile-header-display":"","site-post-title":"","ast-breadcrumbs-content":"","ast-featured-img":"","footer-sml-layout":"","ast-disable-related-posts":"","theme-transparent-header-meta":"","adv-header-id-meta":"","stick-header-meta":"","header-above-stick-meta":"","header-main-stick-meta":"","header-below-stick-meta":"","astra-migrate-meta-layouts":"default","ast-page-background-enabled":"default","ast-page-background-meta":{"desktop":{"background-color":"var(--ast-global-color-4)","background-image":"","background-repeat":"repeat","background-position":"center center","background-size":"auto","background-attachment":"scroll","background-type":"","background-media":"","overlay-type":"","overlay-color":"","overlay-opacity":"","overlay-gradient":""},"tablet":{"background-color":"","background-image":"","background-repeat":"repeat","background-position":"center center","background-size":"auto","background-attachment":"scroll","background-type":"","background-media":"","overlay-type":"","overlay-color":"","overlay-opacity":"","overlay-gradient":""},"mobile":{"background-color":"","background-image":"","background-repeat":"repeat","background-position":"center center","background-size":"auto","background-attachment":"scroll","background-type":"","background-media":"","overlay-type":"","overlay-color":"","overlay-opacity":"","overlay-gradient":""}},"ast-content-background-meta":{"desktop":{"background-color":"var(--ast-global-color-5)","background-image":"","background-repeat":"repeat","background-position":"center center","background-size":"auto","background-attachment":"scroll","background-type":"","background-media":"","overlay-type":"","overlay-color":"","overlay-opacity":"","overlay-gradient":""},"tablet":{"background-color":"var(--ast-global-color-5)","background-image":"","background-repeat":"repeat","background-position":"center center","background-size":"auto","background-attachment":"scroll","background-type":"","background-media":"","overlay-type":"","overlay-color":"","overlay-opacity":"","overlay-gradient":""},"mobile":{"background-color":"var(--ast-global-color-5)","background-image":"","background-repeat":"repeat","background-position":"center center","background-size":"auto","background-attachment":"scroll","background-type":"","background-media":"","overlay-type":"","overlay-color":"","overlay-opacity":"","overlay-gradient":""}},"footnotes":""},"class_list":["post-21","page","type-page","status-publish","hentry"],"_links":{"self":[{"href":"https:\/\/pillevaljataga.com\/assistent\/wp-json\/wp\/v2\/pages\/21","targetHints":{"allow":["GET"]}}],"collection":[{"href":"https:\/\/pillevaljataga.com\/assistent\/wp-json\/wp\/v2\/pages"}],"about":[{"href":"https:\/\/pillevaljataga.com\/assistent\/wp-json\/wp\/v2\/types\/page"}],"author":[{"embeddable":true,"href":"https:\/\/pillevaljataga.com\/assistent\/wp-json\/wp\/v2\/users\/1"}],"replies":[{"embeddable":true,"href":"https:\/\/pillevaljataga.com\/assistent\/wp-json\/wp\/v2\/comments?post=21"}],"version-history":[{"count":4,"href":"https:\/\/pillevaljataga.com\/assistent\/wp-json\/wp\/v2\/pages\/21\/revisions"}],"predecessor-version":[{"id":115,"href":"https:\/\/pillevaljataga.com\/assistent\/wp-json\/wp\/v2\/pages\/21\/revisions\/115"}],"wp:attachment":[{"href":"https:\/\/pillevaljataga.com\/assistent\/wp-json\/wp\/v2\/media?parent=21"}],"curies":[{"name":"wp","href":"https:\/\/api.w.org\/{rel}","templated":true}]}}