{"id":20,"date":"2024-04-01T17:04:50","date_gmt":"2024-04-01T17:04:50","guid":{"rendered":"https:\/\/pillevaljataga.com\/assistent\/avaleht\/"},"modified":"2025-01-08T18:28:25","modified_gmt":"2025-01-08T18:28:25","slug":"avaleht","status":"publish","type":"page","link":"https:\/\/pillevaljataga.com\/assistent\/","title":{"rendered":""},"content":{"rendered":"\n<div class=\"inherit-container-width wp-block-group alignfull has-background-background-color has-background is-layout-constrained wp-container-core-group-is-layout-75294154 wp-block-group-is-layout-constrained\" style=\"padding-top:0;padding-right:0;padding-bottom:0;padding-left:0\">\n<div class=\"wp-block-columns alignfull has-foreground-color has-tertiary-background-color has-text-color has-background is-layout-flex wp-container-core-columns-is-layout-a671db07 wp-block-columns-is-layout-flex\" style=\"padding-top:0;padding-right:0;padding-bottom:0;padding-left:0\">\n<div class=\"wp-block-column is-vertically-aligned-center is-layout-flow wp-block-column-is-layout-flow\" style=\"flex-basis:30%\">\n<div class=\"wp-block-cover\" style=\"min-height:582px;aspect-ratio:unset;\"><span aria-hidden=\"true\" class=\"wp-block-cover__background has-background-dim-30 has-background-dim\"><\/span><img loading=\"lazy\" decoding=\"async\" width=\"1080\" height=\"1920\" class=\"wp-block-cover__image-background wp-image-127\" alt=\"\" src=\"https:\/\/pillevaljataga.com\/assistent\/wp-content\/uploads\/2025\/01\/Privaatsuspoliitika-Your-Story.png\" data-object-fit=\"cover\" srcset=\"https:\/\/pillevaljataga.com\/assistent\/wp-content\/uploads\/2025\/01\/Privaatsuspoliitika-Your-Story.png 1080w, https:\/\/pillevaljataga.com\/assistent\/wp-content\/uploads\/2025\/01\/Privaatsuspoliitika-Your-Story-169x300.png 169w, https:\/\/pillevaljataga.com\/assistent\/wp-content\/uploads\/2025\/01\/Privaatsuspoliitika-Your-Story-576x1024.png 576w, https:\/\/pillevaljataga.com\/assistent\/wp-content\/uploads\/2025\/01\/Privaatsuspoliitika-Your-Story-768x1365.png 768w, https:\/\/pillevaljataga.com\/assistent\/wp-content\/uploads\/2025\/01\/Privaatsuspoliitika-Your-Story-864x1536.png 864w, https:\/\/pillevaljataga.com\/assistent\/wp-content\/uploads\/2025\/01\/Privaatsuspoliitika-Your-Story-600x1067.png 600w\" sizes=\"auto, (max-width: 1080px) 100vw, 1080px\" \/><div class=\"wp-block-cover__inner-container is-layout-flow wp-container-core-cover-is-layout-8a368f38 wp-block-cover-is-layout-flow\">\n<p class=\"has-text-align-center has-large-font-size\"><\/p>\n<\/div><\/div>\n<\/div>\n\n\n\n<div class=\"wp-block-column is-vertically-aligned-center is-layout-flow wp-block-column-is-layout-flow\" style=\"padding-top:var(--wp--preset--spacing--60);padding-right:var(--wp--preset--spacing--40);padding-bottom:var(--wp--preset--spacing--60);padding-left:var(--wp--preset--spacing--40);flex-basis:40%\">\n<div class=\"wp-block-group alignwide is-content-justification-center is-layout-constrained wp-container-core-group-is-layout-1c0f5e70 wp-block-group-is-layout-constrained\">\n<h1 class=\"wp-block-heading has-text-align-center has-foreground-color has-text-color\">Kes on virtuaalne assistent?<\/h1>\n\n\n\n<p>Virtuaalne assistent aitab ettev\u00f5tjal s\u00e4\u00e4sta ega ja ressursse, mis muidu kuluks tugitegevustele. Virtuaalse assistendi teenuseid saab tellida vajadusp\u00f5hiselt, kas siis regulaarselt haldama mingit kindlat tegevust v\u00f5i projektip\u00f5hiselt appi kiirel ajal. See v\u00f5imaldab ettev\u00f5tjal keskenduda strateegilistele \u00fclesannetele, kasvatada oma \u00e4ri ja suurendada tootlikkust. \u00dcks virtuaalse assistendi suurimaid eeliseid on paindlikkus \u2013 ta saab t\u00f6\u00f6tada ettev\u00f5tja jaoks vajalikul ajal, teda saab palgata nii l\u00fchiajaliste kui ka pikemate projektide tarvis. Virtuaalne assistent t\u00f6\u00f6tab talle sobivas kohas. Talle ei pea ostma t\u00f6\u00f6lauda, arvutit ega telefoni. K\u00f5ik t\u00f6\u00f6ks vajalikud programmid ja lahendused leiab ta ise.<\/p>\n\n\n\n<p>Virtuaalse assistendi peamised \u00fclesanded h\u00f5lmavad administratiivseid toiminguid, kliendisuhtlust, turundus- ja m\u00fc\u00fcgitegevusi ning muid ettev\u00f5tte igap\u00e4evat\u00f6\u00f6ga seotud \u00fclesandeid.<\/p>\n\n\n\n<p>Virtuaalne assistent saab hallata ettev\u00f5tja kalendrit, broneerida reise, vastata klientide p\u00e4ringutele ja meilivestlustele, koostada dokumente, aruandeid ja esitlusi. Ta v\u00f5ib aidata ka sotsiaalmeedia kanalite haldamisel, turunduskampaaniate l\u00e4biviimisel ja m\u00fc\u00fcgitoetustegevustes.<\/p>\n<\/div>\n<\/div>\n\n\n\n<div class=\"wp-block-column is-layout-flow wp-block-column-is-layout-flow\" style=\"flex-basis:30%\">\n<div class=\"wp-block-cover aligncenter is-light has-custom-content-position is-position-bottom-center\" style=\"min-height:578px;aspect-ratio:unset;\"><span aria-hidden=\"true\" class=\"wp-block-cover__background has-background-dim-40 has-background-dim\" style=\"background-color:#ab9c87\"><\/span><img loading=\"lazy\" decoding=\"async\" width=\"1702\" height=\"2560\" class=\"wp-block-cover__image-background wp-image-80\" alt=\"\" src=\"https:\/\/pillevaljataga.com\/assistent\/wp-content\/uploads\/2024\/05\/DSC01936-cop-scaled.jpg\" style=\"object-position:51% 50%\" data-object-fit=\"cover\" data-object-position=\"51% 50%\" srcset=\"https:\/\/pillevaljataga.com\/assistent\/wp-content\/uploads\/2024\/05\/DSC01936-cop-scaled.jpg 1702w, https:\/\/pillevaljataga.com\/assistent\/wp-content\/uploads\/2024\/05\/DSC01936-cop-199x300.jpg 199w, https:\/\/pillevaljataga.com\/assistent\/wp-content\/uploads\/2024\/05\/DSC01936-cop-681x1024.jpg 681w, https:\/\/pillevaljataga.com\/assistent\/wp-content\/uploads\/2024\/05\/DSC01936-cop-768x1155.jpg 768w, https:\/\/pillevaljataga.com\/assistent\/wp-content\/uploads\/2024\/05\/DSC01936-cop-1021x1536.jpg 1021w, https:\/\/pillevaljataga.com\/assistent\/wp-content\/uploads\/2024\/05\/DSC01936-cop-1362x2048.jpg 1362w, https:\/\/pillevaljataga.com\/assistent\/wp-content\/uploads\/2024\/05\/DSC01936-cop-600x902.jpg 600w\" sizes=\"auto, (max-width: 1702px) 100vw, 1702px\" \/><div class=\"wp-block-cover__inner-container is-layout-flow wp-block-cover-is-layout-flow\">\n<p class=\"has-text-align-center has-large-font-size\"><\/p>\n<\/div><\/div>\n<\/div>\n<\/div>\n<\/div>\n\n\n\n<hr class=\"wp-block-separator has-alpha-channel-opacity is-style-wide\" style=\"margin-top:0;margin-bottom:0\"\/>\n\n\n\n<div class=\"inherit-container-width wp-block-group alignfull has-background-background-color has-background is-layout-constrained wp-container-core-group-is-layout-309bdc9e wp-block-group-is-layout-constrained\" style=\"min-height:124px;margin-top:0;margin-bottom:0;padding-top:var(--wp--preset--spacing--50);padding-right:var(--wp--preset--spacing--30);padding-bottom:var(--wp--preset--spacing--50);padding-left:var(--wp--preset--spacing--30)\">\n<h3 class=\"wp-block-heading has-text-align-center has-medium-font-size\">Minu lemmikteenus<\/h3>\n\n\n\n<p class=\"has-text-align-center\" style=\"margin-top:16px\">Kas teadsid, et igal e-poel peab olema klientidele k\u00e4ttesaadavad m\u00fc\u00fcgitingimused ja privaatsuspoliitka?<\/p>\n\n\n\n<p class=\"has-text-align-center\" style=\"margin-top:16px\">Sa ei oska v\u00f5i ei taha neid kirjutada?<\/p>\n\n\n\n<p class=\"has-text-align-center has-medium-font-size\" style=\"margin-top:16px\">Mina oskan. Kirjutan sulle:<\/p>\n\n\n\n<ul class=\"wp-block-list\">\n<li>Privaatsuspoliitika ja m\u00fc\u00fcgitingimused. J\u00e4ta mulle vaid oma kodulehe aadress ja ma nopin sinna vajaliku ise \u00fcles. Kui vaja, panen need ka kodulehele paika.  <\/li>\n<\/ul>\n\n\n\n<div class=\"wp-block-buttons is-content-justification-center is-layout-flex wp-container-core-buttons-is-layout-a89b3969 wp-block-buttons-is-layout-flex\">\n<div class=\"wp-block-button\"><a class=\"wp-block-button__link has-text-align-center wp-element-button\" href=\"https:\/\/imeloom.com\/toode\/privaatsuspoliitika\/\">Soeta kohe siit<\/a><\/div>\n<\/div>\n\n\n\n<figure class=\"wp-block-image aligncenter size-large is-resized is-style-rounded\"><img loading=\"lazy\" decoding=\"async\" width=\"1024\" height=\"683\" src=\"https:\/\/pillevaljataga.com\/assistent\/wp-content\/uploads\/2024\/05\/DSC01920-cop-1024x683.jpg\" alt=\"\" class=\"wp-image-87\" style=\"width:896px;height:auto\" srcset=\"https:\/\/pillevaljataga.com\/assistent\/wp-content\/uploads\/2024\/05\/DSC01920-cop-1024x683.jpg 1024w, https:\/\/pillevaljataga.com\/assistent\/wp-content\/uploads\/2024\/05\/DSC01920-cop-300x200.jpg 300w, https:\/\/pillevaljataga.com\/assistent\/wp-content\/uploads\/2024\/05\/DSC01920-cop-768x512.jpg 768w, https:\/\/pillevaljataga.com\/assistent\/wp-content\/uploads\/2024\/05\/DSC01920-cop-1536x1024.jpg 1536w, https:\/\/pillevaljataga.com\/assistent\/wp-content\/uploads\/2024\/05\/DSC01920-cop-2048x1365.jpg 2048w, https:\/\/pillevaljataga.com\/assistent\/wp-content\/uploads\/2024\/05\/DSC01920-cop-600x400.jpg 600w\" sizes=\"auto, (max-width: 1024px) 100vw, 1024px\" \/><\/figure>\n\n\n\n<hr class=\"wp-block-separator has-alpha-channel-opacity is-style-wide\"\/>\n<\/div>\n\n\n\n<div class=\"wp-block-group alignfull has-background-background-color has-background is-vertical is-layout-flex wp-container-core-group-is-layout-81cef0e6 wp-block-group-is-layout-flex\" style=\"margin-top:0;margin-bottom:0;padding-top:var(--wp--preset--spacing--60);padding-right:var(--wp--preset--spacing--30);padding-bottom:var(--wp--preset--spacing--60);padding-left:var(--wp--preset--spacing--30)\">\n<div class=\"wp-block-columns alignwide is-layout-flex wp-container-core-columns-is-layout-aee59796 wp-block-columns-is-layout-flex\" style=\"margin-top:32px\">\n<div class=\"wp-block-column has-tertiary-background-color has-background is-layout-flow wp-block-column-is-layout-flow\">\n<div class=\"wp-block-group \/* Asendage #your-block-id oma bloki tegeliku ID-ga *\/ { background-color: #ffc0cb; See on heleroosa v\u00e4rvikood } has-background is-layout-constrained wp-container-core-group-is-layout-24fca791 wp-block-group-is-layout-constrained\" style=\"background-color:#f8f0e7;padding-top:var(--wp--preset--spacing--30);padding-right:24px;padding-bottom:var(--wp--preset--spacing--30);padding-left:24px\">\n<h3 class=\"wp-block-heading\">Projektip\u00f5hine abi &#8211; tasu kokkuleppel<\/h3>\n\n\n\n<p>Tulen appi projektijuhtimises, olgu selleks siis lapse s\u00fcnnip\u00e4eva korraldamine, m\u00f5ni v\u00f5istlus v\u00f5i kasv\u00f5i laat. <\/p>\n\n\n\n<p>Kuna t\u00f6\u00f6tan giid-reisisaatjana ja oman maailmast m\u00f5ningat ettekujutust, v\u00f5in aidata sul kokku panna  sinu isikliku reisiplaani ja\/v\u00f5i osta piletid ja broneerida majutuse. <\/p>\n<\/div>\n<\/div>\n\n\n\n<div class=\"wp-block-column has-tertiary-background-color has-background is-layout-flow wp-block-column-is-layout-flow\">\n<div class=\"wp-block-group is-layout-constrained wp-container-core-group-is-layout-24fca791 wp-block-group-is-layout-constrained\" style=\"padding-top:var(--wp--preset--spacing--30);padding-right:24px;padding-bottom:var(--wp--preset--spacing--30);padding-left:24px\">\n<h3 class=\"wp-block-heading\">Fotod ja blogitekstid<\/h3>\n<\/div>\n\n\n\n<p>Pildistan tooteid ja \u00fcritusi. t\u00f6\u00f6tlen ka fotosid, mida ise teinud ei ole.<\/p>\n\n\n\n<p>Filmin, monteerin ja lisan subtiitrid<\/p>\n\n\n\n<p>Kirjutan SEO-korrektseid blogitekste. Lemmikteemad toit, tervis, loodus, liikumine, reisimine, lapsed, erilised lapsed. <\/p>\n<\/div>\n<\/div>\n\n\n\n<hr class=\"wp-block-separator has-alpha-channel-opacity is-style-wide\"\/>\n\n\n\n<hr class=\"wp-block-separator has-alpha-channel-opacity is-style-wide\"\/>\n<\/div>\n\n\n\n<div class=\"inherit-container-width wp-block-group alignfull has-background-background-color has-background is-layout-constrained wp-container-core-group-is-layout-7276a2bb wp-block-group-is-layout-constrained\" style=\"margin-top:0;margin-bottom:0;padding-top:var(--wp--preset--spacing--60);padding-right:var(--wp--preset--spacing--30);padding-bottom:var(--wp--preset--spacing--60);padding-left:var(--wp--preset--spacing--30)\">\n<hr class=\"wp-block-separator has-alpha-channel-opacity is-style-wide\"\/>\n\n\n\n<div class=\"wp-block-group alignwide is-content-justification-space-between is-layout-flex wp-container-core-group-is-layout-9366075c wp-block-group-is-layout-flex\">\n<div class=\"wp-block-group is-layout-constrained wp-block-group-is-layout-constrained\">\n<h3 class=\"wp-block-heading\">Kuidas minuga \u00fchendust v\u00f5tta?<\/h3>\n\n\n\n<p style=\"margin-top:16px\">Tutvumisk\u00f5ne alati tasuta<\/p>\n\n\n\n<p>email: pillevaljataga@gmail.com<\/p>\n<\/div>\n\n\n\n<div class=\"wp-block-buttons is-horizontal is-content-justification-right is-layout-flex wp-container-core-buttons-is-layout-27c00227 wp-block-buttons-is-layout-flex\">\n<div class=\"wp-block-button is-style-outline is-style-outline--1\"><a class=\"wp-block-button__link wp-element-button\" href=\"https:\/\/pillevaljataga.com\/assistent\/teenused\/\">Teenused<\/a><\/div>\n<\/div>\n<\/div>\n<\/div>\n\n\n\n<div class=\"wp-block-group is-layout-constrained wp-block-group-is-layout-constrained\">\n<h2 class=\"wp-block-heading\">Kliendid r\u00e4\u00e4givad &#8230;<\/h2>\n\n\n\n<div class=\"wp-block-columns is-layout-flex wp-container-core-columns-is-layout-28f84493 wp-block-columns-is-layout-flex\">\n<div class=\"wp-block-column is-layout-flow wp-block-column-is-layout-flow\">\n<figure class=\"wp-block-image size-large\"><img loading=\"lazy\" decoding=\"async\" width=\"1024\" height=\"1024\" src=\"https:\/\/pillevaljataga.com\/assistent\/wp-content\/uploads\/2024\/05\/Tagasiside-Ulvilt-1024x1024.png\" alt=\"\" class=\"wp-image-74\" srcset=\"https:\/\/pillevaljataga.com\/assistent\/wp-content\/uploads\/2024\/05\/Tagasiside-Ulvilt-1024x1024.png 1024w, https:\/\/pillevaljataga.com\/assistent\/wp-content\/uploads\/2024\/05\/Tagasiside-Ulvilt-300x300.png 300w, https:\/\/pillevaljataga.com\/assistent\/wp-content\/uploads\/2024\/05\/Tagasiside-Ulvilt-150x150.png 150w, https:\/\/pillevaljataga.com\/assistent\/wp-content\/uploads\/2024\/05\/Tagasiside-Ulvilt-768x768.png 768w, https:\/\/pillevaljataga.com\/assistent\/wp-content\/uploads\/2024\/05\/Tagasiside-Ulvilt-600x600.png 600w, https:\/\/pillevaljataga.com\/assistent\/wp-content\/uploads\/2024\/05\/Tagasiside-Ulvilt-100x100.png 100w, https:\/\/pillevaljataga.com\/assistent\/wp-content\/uploads\/2024\/05\/Tagasiside-Ulvilt.png 1080w\" sizes=\"auto, (max-width: 1024px) 100vw, 1024px\" \/><\/figure>\n<\/div>\n\n\n\n<div class=\"wp-block-column is-layout-flow wp-block-column-is-layout-flow\">\n<figure class=\"wp-block-image size-large\"><img loading=\"lazy\" decoding=\"async\" width=\"1024\" height=\"1024\" src=\"https:\/\/pillevaljataga.com\/assistent\/wp-content\/uploads\/2024\/05\/Minimalist-Testimonial-Instagram-Post-1024x1024.png\" alt=\"\" class=\"wp-image-99\" srcset=\"https:\/\/pillevaljataga.com\/assistent\/wp-content\/uploads\/2024\/05\/Minimalist-Testimonial-Instagram-Post-1024x1024.png 1024w, https:\/\/pillevaljataga.com\/assistent\/wp-content\/uploads\/2024\/05\/Minimalist-Testimonial-Instagram-Post-300x300.png 300w, https:\/\/pillevaljataga.com\/assistent\/wp-content\/uploads\/2024\/05\/Minimalist-Testimonial-Instagram-Post-150x150.png 150w, https:\/\/pillevaljataga.com\/assistent\/wp-content\/uploads\/2024\/05\/Minimalist-Testimonial-Instagram-Post-768x768.png 768w, https:\/\/pillevaljataga.com\/assistent\/wp-content\/uploads\/2024\/05\/Minimalist-Testimonial-Instagram-Post-600x600.png 600w, https:\/\/pillevaljataga.com\/assistent\/wp-content\/uploads\/2024\/05\/Minimalist-Testimonial-Instagram-Post-100x100.png 100w, https:\/\/pillevaljataga.com\/assistent\/wp-content\/uploads\/2024\/05\/Minimalist-Testimonial-Instagram-Post.png 1080w\" sizes=\"auto, (max-width: 1024px) 100vw, 1024px\" \/><\/figure>\n<\/div>\n<\/div>\n<\/div>\n\n\n\n<div class=\"inherit-container-width wp-block-group alignfull has-background-background-color has-background is-layout-constrained wp-container-core-group-is-layout-68d5e5bb wp-block-group-is-layout-constrained\" style=\"margin-top:0;margin-bottom:0;padding-top:var(--wp--preset--spacing--50);padding-right:var(--wp--preset--spacing--30);padding-bottom:var(--wp--preset--spacing--60);padding-left:var(--wp--preset--spacing--30)\">\n<div class=\"wp-block-group alignwide is-content-justification-left is-layout-constrained wp-container-core-group-is-layout-12dd3699 wp-block-group-is-layout-constrained\"><\/div>\n\n\n\n<div class=\"wp-block-columns alignwide is-layout-flex wp-container-core-columns-is-layout-08c01c1c wp-block-columns-is-layout-flex\">\n<div class=\"wp-block-column is-layout-flow wp-block-column-is-layout-flow\">        <div\n            class=\"spotlight-instagram-feed\"\n            data-feed-var=\"4adf87ef\"\n            data-analytics=\"0\"\n            data-instance=\"20\"\n        >\n        <\/div>\n        <input type=\"hidden\" id=\"sli__f__4adf87ef\" data-json='{&quot;useCase&quot;:&quot;accounts&quot;,&quot;template&quot;:&quot;classic&quot;,&quot;layout&quot;:&quot;grid&quot;,&quot;numColumns&quot;:{&quot;desktop&quot;:3},&quot;highlightFreq&quot;:{&quot;desktop&quot;:7},&quot;sliderNumScrollPosts&quot;:{&quot;desktop&quot;:1},&quot;sliderInfinite&quot;:true,&quot;sliderLoop&quot;:false,&quot;sliderArrowPos&quot;:{&quot;desktop&quot;:&quot;inside&quot;},&quot;sliderArrowSize&quot;:{&quot;desktop&quot;:20},&quot;sliderArrowColor&quot;:{&quot;r&quot;:255,&quot;b&quot;:255,&quot;g&quot;:255,&quot;a&quot;:1},&quot;sliderArrowBgColor&quot;:{&quot;r&quot;:0,&quot;b&quot;:0,&quot;g&quot;:0,&quot;a&quot;:0.8},&quot;sliderAutoScroll&quot;:false,&quot;sliderAutoInterval&quot;:3,&quot;postOrder&quot;:&quot;date_desc&quot;,&quot;numPosts&quot;:{&quot;desktop&quot;:9},&quot;linkBehavior&quot;:{&quot;desktop&quot;:&quot;lightbox&quot;},&quot;feedWidth&quot;:{&quot;desktop&quot;:&quot;&quot;},&quot;feedHeight&quot;:{&quot;desktop&quot;:&quot;&quot;},&quot;feedPadding&quot;:{&quot;desktop&quot;:24,&quot;tablet&quot;:14,&quot;phone&quot;:10},&quot;imgPadding&quot;:{&quot;desktop&quot;:10,&quot;tablet&quot;:10,&quot;phone&quot;:6},&quot;textSize&quot;:{&quot;desktop&quot;:&quot;&quot;,&quot;tablet&quot;:&quot;&quot;,&quot;phone&quot;:&quot;&quot;},&quot;bgColor&quot;:{&quot;r&quot;:255,&quot;g&quot;:255,&quot;b&quot;:255,&quot;a&quot;:1},&quot;hoverInfo&quot;:[&quot;likes_comments&quot;,&quot;insta_link&quot;],&quot;textColorHover&quot;:{&quot;r&quot;:255,&quot;g&quot;:255,&quot;b&quot;:255,&quot;a&quot;:1},&quot;bgColorHover&quot;:{&quot;r&quot;:0,&quot;g&quot;:0,&quot;b&quot;:0,&quot;a&quot;:0.5},&quot;showHeader&quot;:{&quot;desktop&quot;:true},&quot;headerInfo&quot;:{&quot;desktop&quot;:[&quot;profile_pic&quot;,&quot;bio&quot;]},&quot;headerAccount&quot;:5,&quot;headerStyle&quot;:{&quot;desktop&quot;:&quot;normal&quot;,&quot;phone&quot;:&quot;normal&quot;},&quot;headerTextSize&quot;:{&quot;desktop&quot;:&quot;&quot;},&quot;headerPhotoSize&quot;:{&quot;desktop&quot;:50},&quot;headerTextColor&quot;:{&quot;r&quot;:0,&quot;g&quot;:0,&quot;b&quot;:0,&quot;a&quot;:1},&quot;headerBgColor&quot;:{&quot;r&quot;:255,&quot;g&quot;:255,&quot;b&quot;:255,&quot;a&quot;:0},&quot;headerPadding&quot;:{&quot;desktop&quot;:0,&quot;phone&quot;:0},&quot;customProfilePic&quot;:0,&quot;customBioText&quot;:&quot;&quot;,&quot;includeStories&quot;:false,&quot;storiesInterval&quot;:5,&quot;showCaptions&quot;:{&quot;desktop&quot;:false},&quot;captionMaxLength&quot;:{&quot;desktop&quot;:0},&quot;captionRemoveDots&quot;:false,&quot;captionSize&quot;:{&quot;desktop&quot;:0},&quot;captionColor&quot;:{&quot;r&quot;:0,&quot;g&quot;:0,&quot;b&quot;:0,&quot;a&quot;:1},&quot;showLikes&quot;:{&quot;desktop&quot;:false},&quot;showComments&quot;:{&quot;desktop&quot;:false},&quot;lcIconSize&quot;:{&quot;desktop&quot;:14},&quot;likesIconColor&quot;:{&quot;r&quot;:0,&quot;g&quot;:0,&quot;b&quot;:0,&quot;a&quot;:1},&quot;commentsIconColor&quot;:{&quot;r&quot;:0,&quot;g&quot;:0,&quot;b&quot;:0,&quot;a&quot;:1},&quot;lightboxShowSidebar&quot;:false,&quot;lightboxCtaStyle&quot;:&quot;link&quot;,&quot;lightboxCtaDesign&quot;:{&quot;text&quot;:{&quot;color&quot;:{&quot;r&quot;:0,&quot;g&quot;:0,&quot;b&quot;:0,&quot;a&quot;:1},&quot;align&quot;:&quot;center&quot;},&quot;bgColor&quot;:{&quot;r&quot;:230,&quot;g&quot;:230,&quot;b&quot;:230,&quot;a&quot;:1},&quot;border&quot;:{&quot;radius&quot;:3}},&quot;numLightboxComments&quot;:50,&quot;showLoadMoreBtn&quot;:{&quot;desktop&quot;:true},&quot;loadMoreBtnDesign&quot;:{&quot;text&quot;:{&quot;color&quot;:{&quot;r&quot;:35,&quot;g&quot;:143,&quot;b&quot;:181,&quot;a&quot;:1},&quot;align&quot;:&quot;center&quot;},&quot;border&quot;:{&quot;radius&quot;:3},&quot;bgColor&quot;:{&quot;r&quot;:41,&quot;g&quot;:167,&quot;b&quot;:210,&quot;a&quot;:0.1},&quot;margin&quot;:{&quot;top&quot;:0,&quot;bottom&quot;:0,&quot;left&quot;:0,&quot;right&quot;:0}},&quot;loadMoreBtnText&quot;:&quot;Load More Posts&quot;,&quot;loadMoreBtnScroll&quot;:false,&quot;autoload&quot;:false,&quot;showFollowBtn&quot;:{&quot;desktop&quot;:true},&quot;followBtnText&quot;:&quot;Follow on Instagram&quot;,&quot;followBtnDesign&quot;:{&quot;text&quot;:{&quot;color&quot;:{&quot;r&quot;:255,&quot;g&quot;:255,&quot;b&quot;:255,&quot;a&quot;:1},&quot;align&quot;:&quot;center&quot;},&quot;border&quot;:{&quot;radius&quot;:3},&quot;bgColor&quot;:{&quot;r&quot;:41,&quot;g&quot;:167,&quot;b&quot;:210,&quot;a&quot;:1},&quot;margin&quot;:{&quot;top&quot;:0,&quot;bottom&quot;:0,&quot;left&quot;:0,&quot;right&quot;:0}},&quot;followBtnLocation&quot;:{&quot;desktop&quot;:&quot;header&quot;,&quot;phone&quot;:&quot;bottom&quot;},&quot;alignFooterButtons&quot;:{&quot;desktop&quot;:false},&quot;customCss&quot;:&quot;\\\/* Enter your custom CSS below *\\\/\\n\\n&quot;,&quot;accounts&quot;:[141],&quot;tagged&quot;:[],&quot;hashtags&quot;:[],&quot;mediaType&quot;:&quot;all&quot;,&quot;hashtagWhitelist&quot;:[],&quot;hashtagBlacklist&quot;:[],&quot;captionWhitelist&quot;:[],&quot;captionBlacklist&quot;:[],&quot;hashtagWhitelistSettings&quot;:true,&quot;hashtagBlacklistSettings&quot;:true,&quot;captionWhitelistSettings&quot;:true,&quot;captionBlacklistSettings&quot;:true,&quot;moderation&quot;:[],&quot;moderationMode&quot;:&quot;blacklist&quot;,&quot;promosVersion&quot;:2,&quot;promosEnabled&quot;:true,&quot;globalPromosEnabled&quot;:true,&quot;autoPromosEnabled&quot;:true,&quot;promoOverrides&quot;:[],&quot;feedPromo&quot;:{&quot;linkSource&quot;:{&quot;type&quot;:null},&quot;linkBehavior&quot;:{&quot;openNewTab&quot;:false,&quot;showPopupBox&quot;:false},&quot;linkText&quot;:&quot;&quot;},&quot;gaCampaignSource&quot;:&quot;&quot;,&quot;gaCampaignMedium&quot;:&quot;&quot;,&quot;gaCampaignName&quot;:&quot;&quot;,&quot;className&quot;:&quot;&quot;}' \/>\n        <input type=\"hidden\" id=\"sli__a__4adf87ef\" data-json='[{&quot;id&quot;:141,&quot;type&quot;:&quot;PERSONAL&quot;,&quot;userId&quot;:&quot;8887448131372865&quot;,&quot;username&quot;:&quot;assistentpille&quot;,&quot;bio&quot;:&quot;&quot;,&quot;customBio&quot;:&quot;&quot;,&quot;profilePicUrl&quot;:&quot;&quot;,&quot;customProfilePicUrl&quot;:&quot;&quot;,&quot;mediaCount&quot;:&quot;15&quot;,&quot;followersCount&quot;:&quot;0&quot;,&quot;usages&quot;:[],&quot;creationDate&quot;:&quot;2025-01-08 18:17:49&quot;}]' \/>\n        <input type=\"hidden\" id=\"sli__m__4adf87ef\" data-json='[]' \/>\n        <\/div>\n\n\n\n<div class=\"wp-block-column is-layout-flow wp-block-column-is-layout-flow\"><\/div>\n<\/div>\n<\/div>\n","protected":false},"excerpt":{"rendered":"<p>Kes on virtuaalne assistent? Virtuaalne assistent aitab ettev\u00f5tjal s\u00e4\u00e4sta ega ja ressursse, mis muidu kuluks tugitegevustele. Virtuaalse assistendi teenuseid saab [&hellip;]<\/p>\n","protected":false},"author":1,"featured_media":0,"parent":0,"menu_order":0,"comment_status":"closed","ping_status":"closed","template":"no-title","meta":{"site-sidebar-layout":"default","site-content-layout":"","ast-site-content-layout":"default","site-content-style":"default","site-sidebar-style":"default","ast-global-header-display":"","ast-banner-title-visibility":"","ast-main-header-display":"","ast-hfb-above-header-display":"","ast-hfb-below-header-display":"","ast-hfb-mobile-header-display":"","site-post-title":"","ast-breadcrumbs-content":"","ast-featured-img":"","footer-sml-layout":"","ast-disable-related-posts":"","theme-transparent-header-meta":"","adv-header-id-meta":"","stick-header-meta":"","header-above-stick-meta":"","header-main-stick-meta":"","header-below-stick-meta":"","astra-migrate-meta-layouts":"default","ast-page-background-enabled":"default","ast-page-background-meta":{"desktop":{"background-color":"var(--ast-global-color-4)","background-image":"","background-repeat":"repeat","background-position":"center center","background-size":"auto","background-attachment":"scroll","background-type":"","background-media":"","overlay-type":"","overlay-color":"","overlay-opacity":"","overlay-gradient":""},"tablet":{"background-color":"","background-image":"","background-repeat":"repeat","background-position":"center center","background-size":"auto","background-attachment":"scroll","background-type":"","background-media":"","overlay-type":"","overlay-color":"","overlay-opacity":"","overlay-gradient":""},"mobile":{"background-color":"","background-image":"","background-repeat":"repeat","background-position":"center center","background-size":"auto","background-attachment":"scroll","background-type":"","background-media":"","overlay-type":"","overlay-color":"","overlay-opacity":"","overlay-gradient":""}},"ast-content-background-meta":{"desktop":{"background-color":"var(--ast-global-color-5)","background-image":"","background-repeat":"repeat","background-position":"center center","background-size":"auto","background-attachment":"scroll","background-type":"","background-media":"","overlay-type":"","overlay-color":"","overlay-opacity":"","overlay-gradient":""},"tablet":{"background-color":"var(--ast-global-color-5)","background-image":"","background-repeat":"repeat","background-position":"center center","background-size":"auto","background-attachment":"scroll","background-type":"","background-media":"","overlay-type":"","overlay-color":"","overlay-opacity":"","overlay-gradient":""},"mobile":{"background-color":"var(--ast-global-color-5)","background-image":"","background-repeat":"repeat","background-position":"center center","background-size":"auto","background-attachment":"scroll","background-type":"","background-media":"","overlay-type":"","overlay-color":"","overlay-opacity":"","overlay-gradient":""}},"footnotes":""},"class_list":["post-20","page","type-page","status-publish","hentry"],"_links":{"self":[{"href":"https:\/\/pillevaljataga.com\/assistent\/wp-json\/wp\/v2\/pages\/20","targetHints":{"allow":["GET"]}}],"collection":[{"href":"https:\/\/pillevaljataga.com\/assistent\/wp-json\/wp\/v2\/pages"}],"about":[{"href":"https:\/\/pillevaljataga.com\/assistent\/wp-json\/wp\/v2\/types\/page"}],"author":[{"embeddable":true,"href":"https:\/\/pillevaljataga.com\/assistent\/wp-json\/wp\/v2\/users\/1"}],"replies":[{"embeddable":true,"href":"https:\/\/pillevaljataga.com\/assistent\/wp-json\/wp\/v2\/comments?post=20"}],"version-history":[{"count":30,"href":"https:\/\/pillevaljataga.com\/assistent\/wp-json\/wp\/v2\/pages\/20\/revisions"}],"predecessor-version":[{"id":163,"href":"https:\/\/pillevaljataga.com\/assistent\/wp-json\/wp\/v2\/pages\/20\/revisions\/163"}],"wp:attachment":[{"href":"https:\/\/pillevaljataga.com\/assistent\/wp-json\/wp\/v2\/media?parent=20"}],"curies":[{"name":"wp","href":"https:\/\/api.w.org\/{rel}","templated":true}]}}