{"id":19,"date":"2024-04-01T17:04:47","date_gmt":"2024-04-01T17:04:47","guid":{"rendered":"https:\/\/pillevaljataga.com\/assistent\/kontakt\/"},"modified":"2025-01-08T17:50:22","modified_gmt":"2025-01-08T17:50:22","slug":"kontakt","status":"publish","type":"page","link":"https:\/\/pillevaljataga.com\/assistent\/kontakt\/","title":{"rendered":"Kontakt"},"content":{"rendered":"\n<div class=\"wp-block-group alignfull has-background-background-color has-background is-layout-constrained wp-block-group-is-layout-constrained\" style=\"margin-top:0;margin-bottom:0;padding-top:0\">\n<div class=\"wp-block-cover alignfull\" style=\"padding-top:0;padding-right:0;padding-bottom:0;padding-left:0;min-height:50px;aspect-ratio:unset;\"><span aria-hidden=\"true\" class=\"wp-block-cover__background has-black-background-color has-background-dim-60 has-background-dim\"><\/span><img loading=\"lazy\" decoding=\"async\" width=\"1280\" height=\"1919\" class=\"wp-block-cover__image-background wp-image-132\" alt=\"\" src=\"https:\/\/pillevaljataga.com\/assistent\/wp-content\/uploads\/2025\/01\/34773a2ac9e2dfdc97265d3fc5ecdf59f7f5ea0b.jpg\" data-object-fit=\"cover\" srcset=\"https:\/\/pillevaljataga.com\/assistent\/wp-content\/uploads\/2025\/01\/34773a2ac9e2dfdc97265d3fc5ecdf59f7f5ea0b.jpg 1280w, https:\/\/pillevaljataga.com\/assistent\/wp-content\/uploads\/2025\/01\/34773a2ac9e2dfdc97265d3fc5ecdf59f7f5ea0b-200x300.jpg 200w, https:\/\/pillevaljataga.com\/assistent\/wp-content\/uploads\/2025\/01\/34773a2ac9e2dfdc97265d3fc5ecdf59f7f5ea0b-683x1024.jpg 683w, https:\/\/pillevaljataga.com\/assistent\/wp-content\/uploads\/2025\/01\/34773a2ac9e2dfdc97265d3fc5ecdf59f7f5ea0b-768x1151.jpg 768w, https:\/\/pillevaljataga.com\/assistent\/wp-content\/uploads\/2025\/01\/34773a2ac9e2dfdc97265d3fc5ecdf59f7f5ea0b-1025x1536.jpg 1025w, https:\/\/pillevaljataga.com\/assistent\/wp-content\/uploads\/2025\/01\/34773a2ac9e2dfdc97265d3fc5ecdf59f7f5ea0b-600x900.jpg 600w\" sizes=\"auto, (max-width: 1280px) 100vw, 1280px\" \/><div class=\"wp-block-cover__inner-container is-layout-flow wp-block-cover-is-layout-flow\">\n<div class=\"wp-block-group is-layout-constrained wp-container-core-group-is-layout-dc79e9a9 wp-block-group-is-layout-constrained\" style=\"padding-top:var(--wp--preset--spacing--60);padding-right:var(--wp--preset--spacing--30);padding-bottom:var(--wp--preset--spacing--60);padding-left:var(--wp--preset--spacing--30)\">\n<h1 class=\"wp-block-heading has-text-align-center has-text-color has-x-large-font-size\" style=\"color:#fffffffc\">V\u00f5ta \u00fchendust v\u00f5i esita projekti p\u00e4ring<\/h1>\n<\/div>\n<\/div><\/div>\n<\/div>\n\n\n\n<div class=\"inherit-container-width wp-block-group alignfull has-background-background-color has-background is-layout-constrained wp-container-core-group-is-layout-7276a2bb wp-block-group-is-layout-constrained\" style=\"margin-top:0;margin-bottom:0;padding-top:var(--wp--preset--spacing--60);padding-right:var(--wp--preset--spacing--30);padding-bottom:var(--wp--preset--spacing--60);padding-left:var(--wp--preset--spacing--30)\">\n<div class=\"wp-block-columns alignwide is-layout-flex wp-container-core-columns-is-layout-fa584acd wp-block-columns-is-layout-flex\">\n<div class=\"wp-block-column is-layout-flow wp-block-column-is-layout-flow\" style=\"flex-basis:50%\">\n<div class=\"wp-block-group is-layout-flow wp-block-group-is-layout-flow\">\n<h4 class=\"wp-block-heading has-medium-font-size\">Kuidas Pille V\u00e4ljataga, virtuaalassistent, saab teie e-poodi edendada?<\/h4>\n\n\n\n<p class=\"has-small-font-size\" style=\"margin-top:12px\">Virtuaalassistent Pille V\u00e4ljataga  pakub kaugt\u00f6\u00f6na mitmek\u00fclgseid teenuseid, alates lehe loomisest ja haldamisest kuni makselahendusteni.<\/p>\n<\/div>\n\n\n\n<hr class=\"wp-block-separator has-text-color has-tertiary-color has-alpha-channel-opacity has-tertiary-background-color has-background is-style-wide\"\/>\n\n\n\n<div class=\"wp-block-group is-layout-flow wp-block-group-is-layout-flow\">\n<h4 class=\"wp-block-heading has-medium-font-size\">Milliseid teenuseid pakub virtuaalassistent Pille V\u00e4ljataga?<\/h4>\n\n\n\n<p class=\"has-small-font-size\" style=\"margin-top:12px\">V\u00f5imalik on tellida mitmeid erinevaid administratiivseid v\u00f5i automatiseerimise teenuseid, aga ka projektide juhtimist, nii igakuiselt kui projektip\u00f5hiselt. <\/p>\n\n\n\n<div class=\"wp-block-buttons is-layout-flex wp-block-buttons-is-layout-flex\">\n<div class=\"wp-block-button\"><a class=\"wp-block-button__link wp-element-button\" href=\"https:\/\/pillevaljataga.com\/assistent\/teenused\/\">Teenused<\/a><\/div>\n<\/div>\n<\/div>\n\n\n\n<hr class=\"wp-block-separator has-text-color has-tertiary-color has-alpha-channel-opacity has-tertiary-background-color has-background is-style-wide\"\/>\n\n\n\n<div class=\"wp-block-group is-layout-flow wp-block-group-is-layout-flow\">\n<h4 class=\"wp-block-heading has-medium-font-size\">Miks valida virtuaalassistent Pille V\u00e4ljataga oma \u00e4ripartneriks?<\/h4>\n\n\n\n<p class=\"has-small-font-size\" style=\"margin-top:12px\">Virtuaalassistent Pille V\u00e4ljataga on motiveeritud teie ettev\u00f5te kasvule.<\/p>\n<\/div>\n<\/div>\n\n\n\n<div class=\"wp-block-column is-layout-flow wp-block-column-is-layout-flow\" style=\"flex-basis:50%\">\n<h3 class=\"wp-block-heading\">Alustage koost\u00f6\u00f6d Pille V\u00e4ljataga, virtuaalassistendiga, kellel on 7-aastane e-kaubanduse kogemus.<\/h3>\n\n\n\n<p><strong>P\u00f5hiliselt asun Tallinnas, suve ka Hiiumaal<\/strong><\/p>\n\n\n\n<p style=\"margin-top:0\">+372 5297549<\/p>\n\n\n\n<p class=\"has-small-font-size\" style=\"margin-top:8px\">pillevaljataga@gmail.com<\/p>\n\n\n\n<p>FB: Pille V\u00e4ljataga<\/p>\n\n\n\n<p>Sinine aken all paremal nurgas.<\/p>\n<\/div>\n<\/div>\n<\/div>\n","protected":false},"excerpt":{"rendered":"<p>Kuidas Pille V\u00e4ljataga, virtuaalassistent, saab teie e-poodi edendada? Virtuaalassistent Pille V\u00e4ljataga pakub kaugt\u00f6\u00f6na mitmek\u00fclgseid teenuseid, alates lehe loomisest ja haldamisest [&hellip;]<\/p>\n","protected":false},"author":1,"featured_media":0,"parent":0,"menu_order":0,"comment_status":"closed","ping_status":"closed","template":"no-title","meta":{"site-sidebar-layout":"default","site-content-layout":"","ast-site-content-layout":"default","site-content-style":"default","site-sidebar-style":"default","ast-global-header-display":"","ast-banner-title-visibility":"","ast-main-header-display":"","ast-hfb-above-header-display":"","ast-hfb-below-header-display":"","ast-hfb-mobile-header-display":"","site-post-title":"","ast-breadcrumbs-content":"","ast-featured-img":"","footer-sml-layout":"","ast-disable-related-posts":"","theme-transparent-header-meta":"","adv-header-id-meta":"","stick-header-meta":"","header-above-stick-meta":"","header-main-stick-meta":"","header-below-stick-meta":"","astra-migrate-meta-layouts":"default","ast-page-background-enabled":"default","ast-page-background-meta":{"desktop":{"background-color":"var(--ast-global-color-4)","background-image":"","background-repeat":"repeat","background-position":"center center","background-size":"auto","background-attachment":"scroll","background-type":"","background-media":"","overlay-type":"","overlay-color":"","overlay-opacity":"","overlay-gradient":""},"tablet":{"background-color":"","background-image":"","background-repeat":"repeat","background-position":"center center","background-size":"auto","background-attachment":"scroll","background-type":"","background-media":"","overlay-type":"","overlay-color":"","overlay-opacity":"","overlay-gradient":""},"mobile":{"background-color":"","background-image":"","background-repeat":"repeat","background-position":"center center","background-size":"auto","background-attachment":"scroll","background-type":"","background-media":"","overlay-type":"","overlay-color":"","overlay-opacity":"","overlay-gradient":""}},"ast-content-background-meta":{"desktop":{"background-color":"var(--ast-global-color-5)","background-image":"","background-repeat":"repeat","background-position":"center center","background-size":"auto","background-attachment":"scroll","background-type":"","background-media":"","overlay-type":"","overlay-color":"","overlay-opacity":"","overlay-gradient":""},"tablet":{"background-color":"var(--ast-global-color-5)","background-image":"","background-repeat":"repeat","background-position":"center center","background-size":"auto","background-attachment":"scroll","background-type":"","background-media":"","overlay-type":"","overlay-color":"","overlay-opacity":"","overlay-gradient":""},"mobile":{"background-color":"var(--ast-global-color-5)","background-image":"","background-repeat":"repeat","background-position":"center center","background-size":"auto","background-attachment":"scroll","background-type":"","background-media":"","overlay-type":"","overlay-color":"","overlay-opacity":"","overlay-gradient":""}},"footnotes":""},"class_list":["post-19","page","type-page","status-publish","hentry"],"_links":{"self":[{"href":"https:\/\/pillevaljataga.com\/assistent\/wp-json\/wp\/v2\/pages\/19","targetHints":{"allow":["GET"]}}],"collection":[{"href":"https:\/\/pillevaljataga.com\/assistent\/wp-json\/wp\/v2\/pages"}],"about":[{"href":"https:\/\/pillevaljataga.com\/assistent\/wp-json\/wp\/v2\/types\/page"}],"author":[{"embeddable":true,"href":"https:\/\/pillevaljataga.com\/assistent\/wp-json\/wp\/v2\/users\/1"}],"replies":[{"embeddable":true,"href":"https:\/\/pillevaljataga.com\/assistent\/wp-json\/wp\/v2\/comments?post=19"}],"version-history":[{"count":3,"href":"https:\/\/pillevaljataga.com\/assistent\/wp-json\/wp\/v2\/pages\/19\/revisions"}],"predecessor-version":[{"id":117,"href":"https:\/\/pillevaljataga.com\/assistent\/wp-json\/wp\/v2\/pages\/19\/revisions\/117"}],"wp:attachment":[{"href":"https:\/\/pillevaljataga.com\/assistent\/wp-json\/wp\/v2\/media?parent=19"}],"curies":[{"name":"wp","href":"https:\/\/api.w.org\/{rel}","templated":true}]}}