{"id":18,"date":"2024-04-01T17:04:44","date_gmt":"2024-04-01T17:04:44","guid":{"rendered":"https:\/\/pillevaljataga.com\/assistent\/teenused\/"},"modified":"2025-01-08T18:27:11","modified_gmt":"2025-01-08T18:27:11","slug":"teenused","status":"publish","type":"page","link":"https:\/\/pillevaljataga.com\/assistent\/teenused\/","title":{"rendered":"Teenused"},"content":{"rendered":"\n<div class=\"wp-block-group alignfull has-background-background-color has-background is-layout-constrained wp-block-group-is-layout-constrained\" style=\"margin-top:0;margin-bottom:0;padding-top:0\">\n<div class=\"wp-block-cover alignfull\" style=\"padding-top:0;padding-right:0;padding-bottom:0;padding-left:0;min-height:50px;aspect-ratio:unset;\"><span aria-hidden=\"true\" class=\"wp-block-cover__background has-black-background-color has-background-dim-60 has-background-dim\"><\/span><img loading=\"lazy\" decoding=\"async\" width=\"1280\" height=\"1919\" class=\"wp-block-cover__image-background wp-image-132\" alt=\"\" src=\"https:\/\/pillevaljataga.com\/assistent\/wp-content\/uploads\/2025\/01\/34773a2ac9e2dfdc97265d3fc5ecdf59f7f5ea0b.jpg\" data-object-fit=\"cover\" srcset=\"https:\/\/pillevaljataga.com\/assistent\/wp-content\/uploads\/2025\/01\/34773a2ac9e2dfdc97265d3fc5ecdf59f7f5ea0b.jpg 1280w, https:\/\/pillevaljataga.com\/assistent\/wp-content\/uploads\/2025\/01\/34773a2ac9e2dfdc97265d3fc5ecdf59f7f5ea0b-200x300.jpg 200w, https:\/\/pillevaljataga.com\/assistent\/wp-content\/uploads\/2025\/01\/34773a2ac9e2dfdc97265d3fc5ecdf59f7f5ea0b-683x1024.jpg 683w, https:\/\/pillevaljataga.com\/assistent\/wp-content\/uploads\/2025\/01\/34773a2ac9e2dfdc97265d3fc5ecdf59f7f5ea0b-768x1151.jpg 768w, https:\/\/pillevaljataga.com\/assistent\/wp-content\/uploads\/2025\/01\/34773a2ac9e2dfdc97265d3fc5ecdf59f7f5ea0b-1025x1536.jpg 1025w, https:\/\/pillevaljataga.com\/assistent\/wp-content\/uploads\/2025\/01\/34773a2ac9e2dfdc97265d3fc5ecdf59f7f5ea0b-600x900.jpg 600w\" sizes=\"auto, (max-width: 1280px) 100vw, 1280px\" \/><div class=\"wp-block-cover__inner-container is-layout-flow wp-block-cover-is-layout-flow\">\n<div class=\"wp-block-group is-layout-constrained wp-container-core-group-is-layout-dc79e9a9 wp-block-group-is-layout-constrained\" style=\"padding-top:var(--wp--preset--spacing--60);padding-right:var(--wp--preset--spacing--30);padding-bottom:var(--wp--preset--spacing--60);padding-left:var(--wp--preset--spacing--30)\">\n<h1 class=\"wp-block-heading has-text-align-center has-text-color has-x-large-font-size\" style=\"color:#fffffffc\">T\u00e4helepanelik virtuaalabiline Tallinnast<\/h1>\n<\/div>\n<\/div><\/div>\n<\/div>\n\n\n\n<div class=\"inherit-container-width wp-block-group alignfull has-background-background-color has-background is-layout-constrained wp-container-core-group-is-layout-7276a2bb wp-block-group-is-layout-constrained\" style=\"margin-top:0;margin-bottom:0;padding-top:var(--wp--preset--spacing--60);padding-right:var(--wp--preset--spacing--30);padding-bottom:var(--wp--preset--spacing--60);padding-left:var(--wp--preset--spacing--30)\">\n<div class=\"wp-block-group alignwide is-content-justification-center is-layout-constrained wp-block-group-is-layout-constrained\">\n<h2 class=\"wp-block-heading has-text-align-center\">Teenused<\/h2>\n\n\n\n<p class=\"has-text-align-center\" style=\"margin-top:16px\">Olen t\u00f6\u00f6tanud nii avalikus sektoris, kui MT\u00dcdega ning olnud ise ettev\u00f5tluses \u00fcle 7 aasta, seega saan olla abiks paljude erinevate asjadega. Kui ei leia siit nimekirjadest sobivat, siis v\u00f5id ikka v\u00f5tta \u00fchendust.<\/p>\n\n\n\n<p>Kuna teen seda t\u00f6\u00f6d lisat\u00f6\u00f6na ja teadup\u00e4rast on k\u00f5ikidel asju juba eile vaja, siis p\u00e4ris kohe ma igat \u00fclesannet \u00e4ra teha ei saa. Kui on kindla t\u00e4htajaga t\u00f6\u00f6, siis on minimaalne etteteatamisaeg 24 tundi, aga v\u00f5imalusel reageerin muidugi kiiremini. Kui ma just parajasti midagi muud ei tee, siis olen k\u00e4ttesaadav ka \u00f5htuti ja n\u00e4dalavahetustel. <\/p>\n<\/div>\n\n\n\n<div class=\"wp-block-columns alignwide is-layout-flex wp-container-core-columns-is-layout-d0846407 wp-block-columns-is-layout-flex\">\n<div class=\"wp-block-column is-layout-flow wp-block-column-is-layout-flow\">\n<figure class=\"wp-block-image size-large ext-aspect-landscape\"><img loading=\"lazy\" decoding=\"async\" width=\"1024\" height=\"731\" src=\"https:\/\/pillevaljataga.com\/assistent\/wp-content\/uploads\/2024\/05\/DSC01918-1024x731.jpg\" alt=\"\" class=\"wp-image-96\" srcset=\"https:\/\/pillevaljataga.com\/assistent\/wp-content\/uploads\/2024\/05\/DSC01918-1024x731.jpg 1024w, https:\/\/pillevaljataga.com\/assistent\/wp-content\/uploads\/2024\/05\/DSC01918-300x214.jpg 300w, https:\/\/pillevaljataga.com\/assistent\/wp-content\/uploads\/2024\/05\/DSC01918-768x548.jpg 768w, https:\/\/pillevaljataga.com\/assistent\/wp-content\/uploads\/2024\/05\/DSC01918-1536x1096.jpg 1536w, https:\/\/pillevaljataga.com\/assistent\/wp-content\/uploads\/2024\/05\/DSC01918-2048x1461.jpg 2048w, https:\/\/pillevaljataga.com\/assistent\/wp-content\/uploads\/2024\/05\/DSC01918-600x428.jpg 600w\" sizes=\"auto, (max-width: 1024px) 100vw, 1024px\" \/><\/figure>\n\n\n\n<h3 class=\"wp-block-heading has-text-align-center\" style=\"margin-top:24px;font-size:20px;line-height:1.5\">Veebiarendus<\/h3>\n\n\n\n<p class=\"has-text-align-center has-small-font-size\" style=\"margin-top:8px\">WordPress, Woocommerse, Weebly<\/p>\n\n\n\n<ul class=\"wp-block-list\">\n<li>Kodulehed valmis teemaga<\/li>\n\n\n\n<li>Woocommerse e-poed<\/li>\n\n\n\n<li>Montonio ja postiteenuste lisamine<\/li>\n\n\n\n<li>Facebook Pixeli ja Google Analytics seadistamine<\/li>\n\n\n\n<li>Pluginate automaatuuendamine<\/li>\n\n\n\n<li>PHP-versiooni uuendamine<\/li>\n<\/ul>\n<\/div>\n\n\n\n<div class=\"wp-block-column is-layout-flow wp-block-column-is-layout-flow\">\n<figure class=\"wp-block-image ext-aspect-landscape\"><img loading=\"lazy\" decoding=\"async\" width=\"1280\" height=\"960\" src=\"https:\/\/pillevaljataga.com\/assistent\/wp-content\/uploads\/2025\/01\/b2d272b1ba4acf13f409748db6eec61c4c15bc1b.jpg\" alt=\"\" class=\"wp-image-133\" srcset=\"https:\/\/pillevaljataga.com\/assistent\/wp-content\/uploads\/2025\/01\/b2d272b1ba4acf13f409748db6eec61c4c15bc1b.jpg 1280w, https:\/\/pillevaljataga.com\/assistent\/wp-content\/uploads\/2025\/01\/b2d272b1ba4acf13f409748db6eec61c4c15bc1b-300x225.jpg 300w, https:\/\/pillevaljataga.com\/assistent\/wp-content\/uploads\/2025\/01\/b2d272b1ba4acf13f409748db6eec61c4c15bc1b-1024x768.jpg 1024w, https:\/\/pillevaljataga.com\/assistent\/wp-content\/uploads\/2025\/01\/b2d272b1ba4acf13f409748db6eec61c4c15bc1b-768x576.jpg 768w, https:\/\/pillevaljataga.com\/assistent\/wp-content\/uploads\/2025\/01\/b2d272b1ba4acf13f409748db6eec61c4c15bc1b-600x450.jpg 600w\" sizes=\"auto, (max-width: 1280px) 100vw, 1280px\" \/><\/figure>\n\n\n\n<h3 class=\"wp-block-heading has-text-align-center\" style=\"margin-top:24px;font-size:20px;line-height:1.5\">Sotsiaalmeedia<\/h3>\n\n\n\n<p class=\"has-text-align-center has-small-font-size\" style=\"margin-top:8px\">SEO-tekstid, visuaalid, haldamine<\/p>\n\n\n\n<ul class=\"wp-block-list\">\n<li>Facebook<\/li>\n\n\n\n<li>Instagram<\/li>\n\n\n\n<li>Youtube<\/li>\n\n\n\n<li>Blogi<\/li>\n\n\n\n<li>Smaily<\/li>\n<\/ul>\n<\/div>\n\n\n\n<div class=\"wp-block-column is-layout-flow wp-block-column-is-layout-flow\">\n<figure class=\"wp-block-image ext-aspect-landscape\"><img loading=\"lazy\" decoding=\"async\" width=\"1280\" height=\"960\" src=\"https:\/\/pillevaljataga.com\/assistent\/wp-content\/uploads\/2025\/01\/dfd65adee43c388e1473920f6c589f4c44b7c03a.jpg\" alt=\"\" class=\"wp-image-134\" srcset=\"https:\/\/pillevaljataga.com\/assistent\/wp-content\/uploads\/2025\/01\/dfd65adee43c388e1473920f6c589f4c44b7c03a.jpg 1280w, https:\/\/pillevaljataga.com\/assistent\/wp-content\/uploads\/2025\/01\/dfd65adee43c388e1473920f6c589f4c44b7c03a-300x225.jpg 300w, https:\/\/pillevaljataga.com\/assistent\/wp-content\/uploads\/2025\/01\/dfd65adee43c388e1473920f6c589f4c44b7c03a-1024x768.jpg 1024w, https:\/\/pillevaljataga.com\/assistent\/wp-content\/uploads\/2025\/01\/dfd65adee43c388e1473920f6c589f4c44b7c03a-768x576.jpg 768w, https:\/\/pillevaljataga.com\/assistent\/wp-content\/uploads\/2025\/01\/dfd65adee43c388e1473920f6c589f4c44b7c03a-600x450.jpg 600w\" sizes=\"auto, (max-width: 1280px) 100vw, 1280px\" \/><\/figure>\n\n\n\n<h3 class=\"wp-block-heading has-text-align-center\" style=\"margin-top:24px;font-size:20px;line-height:1.5\">Fotot\u00f6\u00f6tlus ja kujundusabi<\/h3>\n\n\n\n<p class=\"has-text-align-center has-small-font-size\" style=\"margin-top:8px\">Photoshop, Lightroom, Canva<\/p>\n\n\n\n<ul class=\"wp-block-list\">\n<li>Fotot\u00f6\u00f6tlus<\/li>\n\n\n\n<li>Piltide formaadi ja suuruse muutmine<\/li>\n\n\n\n<li>Tr\u00fckifailide ettevalmistamine<\/li>\n\n\n\n<li>Kujundust\u00f6\u00f6d (etiketid visiitkaardid, postrid, flaierid jne)<\/li>\n\n\n\n<li>Lihtsam videot\u00f6\u00f6tlus, subtiitrite lisamine<\/li>\n<\/ul>\n<\/div>\n<\/div>\n<\/div>\n\n\n\n<div class=\"wp-block-group alignfull has-background-background-color has-background is-layout-constrained wp-container-core-group-is-layout-c03f3b2a wp-block-group-is-layout-constrained\" style=\"padding-top:var(--wp--preset--spacing--60);padding-right:var(--wp--preset--spacing--30);padding-bottom:var(--wp--preset--spacing--60);padding-left:var(--wp--preset--spacing--30)\">\n<div class=\"wp-block-media-text alignwide has-media-on-the-right is-stacked-on-mobile is-vertically-aligned-center is-image-fill-element\" style=\"padding-right:0;padding-left:0;grid-template-columns:auto 40%\"><div class=\"wp-block-media-text__content\">\n<div class=\"wp-block-group is-content-justification-left is-layout-constrained wp-container-core-group-is-layout-cdff7eec wp-block-group-is-layout-constrained\" style=\"padding-top:var(--wp--preset--spacing--30);padding-right:0;padding-bottom:var(--wp--preset--spacing--30);padding-left:0\">\n<h4 class=\"wp-block-heading\" style=\"margin-top:12px\">\u00dcrituste ettevalmistamine ja muu asjaajamine<\/h4>\n\n\n\n<p class=\"has-small-font-size\" style=\"margin-top:16px\">Suvep\u00e4evad, koolitused, seminarid, kokkutulekud, reisikorraldus K\u00fcsi lisa!<\/p>\n\n\n\n<ul style=\"line-height:2\" class=\"wp-block-list has-small-font-size\">\n<li class=\"has-medium-font-size\">Ruumide leidmine<\/li>\n\n\n\n<li class=\"has-medium-font-size\">Toitlustuse organiseerimine<\/li>\n\n\n\n<li class=\"has-medium-font-size\">Osalejate registreerimine<\/li>\n\n\n\n<li class=\"has-medium-font-size\">Arvete saatmine<\/li>\n\n\n\n<li class=\"has-medium-font-size\">Meeldetuletuskirjad<\/li>\n\n\n\n<li class=\"has-medium-font-size\">Tagasisidek\u00fcsitlused<\/li>\n<\/ul>\n<\/div>\n<\/div><figure class=\"wp-block-media-text__media\"><img loading=\"lazy\" decoding=\"async\" width=\"1280\" height=\"853\" src=\"https:\/\/pillevaljataga.com\/assistent\/wp-content\/uploads\/2025\/01\/053c45cf066bb1cbee794074c657c14b9913ec64.jpg\" alt=\"\" class=\"wp-image-135 size-full\" style=\"object-position:50% 50%\" srcset=\"https:\/\/pillevaljataga.com\/assistent\/wp-content\/uploads\/2025\/01\/053c45cf066bb1cbee794074c657c14b9913ec64.jpg 1280w, https:\/\/pillevaljataga.com\/assistent\/wp-content\/uploads\/2025\/01\/053c45cf066bb1cbee794074c657c14b9913ec64-300x200.jpg 300w, https:\/\/pillevaljataga.com\/assistent\/wp-content\/uploads\/2025\/01\/053c45cf066bb1cbee794074c657c14b9913ec64-1024x682.jpg 1024w, https:\/\/pillevaljataga.com\/assistent\/wp-content\/uploads\/2025\/01\/053c45cf066bb1cbee794074c657c14b9913ec64-768x512.jpg 768w, https:\/\/pillevaljataga.com\/assistent\/wp-content\/uploads\/2025\/01\/053c45cf066bb1cbee794074c657c14b9913ec64-600x400.jpg 600w\" sizes=\"auto, (max-width: 1280px) 100vw, 1280px\" \/><\/figure><\/div>\n<\/div>\n\n\n\n<hr class=\"wp-block-separator has-alpha-channel-opacity is-style-wide\"\/>\n\n\n\n<p class=\"has-medium-font-size\"><strong>HINNAKIRI<\/strong><\/p>\n\n\n\n<p>20 eurot t\u00f6\u00f6tund pikemaajalise koost\u00f6\u00f6 puhul. <\/p>\n\n\n\n<p>Projektip\u00f5histe t\u00f6\u00f6dega k\u00fcsi hinnapakkumist.<\/p>\n\n\n\n<p>Arve ja e-arve esitamise v\u00f5imalus.<\/p>\n\n\n\n<p>K\u00f5ik tegevused salvestan Toggle Trackiga ja koos arvega esitan t\u00e4pse raporti. <\/p>\n\n\n\n<p><\/p>\n\n\n\n<p><strong>Imeloomad O\u00dc<\/strong><\/p>\n\n\n\n<p>Registrikood: 14222916<\/p>\n\n\n\n<p>Palli 12, Tallinn<\/p>\n","protected":false},"excerpt":{"rendered":"<p>Teenused Olen t\u00f6\u00f6tanud nii avalikus sektoris, kui MT\u00dcdega ning olnud ise ettev\u00f5tluses \u00fcle 7 aasta, seega saan olla abiks paljude [&hellip;]<\/p>\n","protected":false},"author":1,"featured_media":0,"parent":0,"menu_order":0,"comment_status":"closed","ping_status":"closed","template":"no-title","meta":{"site-sidebar-layout":"default","site-content-layout":"","ast-site-content-layout":"default","site-content-style":"default","site-sidebar-style":"default","ast-global-header-display":"","ast-banner-title-visibility":"","ast-main-header-display":"","ast-hfb-above-header-display":"","ast-hfb-below-header-display":"","ast-hfb-mobile-header-display":"","site-post-title":"","ast-breadcrumbs-content":"","ast-featured-img":"","footer-sml-layout":"","ast-disable-related-posts":"","theme-transparent-header-meta":"","adv-header-id-meta":"","stick-header-meta":"","header-above-stick-meta":"","header-main-stick-meta":"","header-below-stick-meta":"","astra-migrate-meta-layouts":"default","ast-page-background-enabled":"default","ast-page-background-meta":{"desktop":{"background-color":"var(--ast-global-color-4)","background-image":"","background-repeat":"repeat","background-position":"center center","background-size":"auto","background-attachment":"scroll","background-type":"","background-media":"","overlay-type":"","overlay-color":"","overlay-opacity":"","overlay-gradient":""},"tablet":{"background-color":"","background-image":"","background-repeat":"repeat","background-position":"center center","background-size":"auto","background-attachment":"scroll","background-type":"","background-media":"","overlay-type":"","overlay-color":"","overlay-opacity":"","overlay-gradient":""},"mobile":{"background-color":"","background-image":"","background-repeat":"repeat","background-position":"center center","background-size":"auto","background-attachment":"scroll","background-type":"","background-media":"","overlay-type":"","overlay-color":"","overlay-opacity":"","overlay-gradient":""}},"ast-content-background-meta":{"desktop":{"background-color":"var(--ast-global-color-5)","background-image":"","background-repeat":"repeat","background-position":"center center","background-size":"auto","background-attachment":"scroll","background-type":"","background-media":"","overlay-type":"","overlay-color":"","overlay-opacity":"","overlay-gradient":""},"tablet":{"background-color":"var(--ast-global-color-5)","background-image":"","background-repeat":"repeat","background-position":"center center","background-size":"auto","background-attachment":"scroll","background-type":"","background-media":"","overlay-type":"","overlay-color":"","overlay-opacity":"","overlay-gradient":""},"mobile":{"background-color":"var(--ast-global-color-5)","background-image":"","background-repeat":"repeat","background-position":"center center","background-size":"auto","background-attachment":"scroll","background-type":"","background-media":"","overlay-type":"","overlay-color":"","overlay-opacity":"","overlay-gradient":""}},"footnotes":""},"class_list":["post-18","page","type-page","status-publish","hentry"],"_links":{"self":[{"href":"https:\/\/pillevaljataga.com\/assistent\/wp-json\/wp\/v2\/pages\/18","targetHints":{"allow":["GET"]}}],"collection":[{"href":"https:\/\/pillevaljataga.com\/assistent\/wp-json\/wp\/v2\/pages"}],"about":[{"href":"https:\/\/pillevaljataga.com\/assistent\/wp-json\/wp\/v2\/types\/page"}],"author":[{"embeddable":true,"href":"https:\/\/pillevaljataga.com\/assistent\/wp-json\/wp\/v2\/users\/1"}],"replies":[{"embeddable":true,"href":"https:\/\/pillevaljataga.com\/assistent\/wp-json\/wp\/v2\/comments?post=18"}],"version-history":[{"count":8,"href":"https:\/\/pillevaljataga.com\/assistent\/wp-json\/wp\/v2\/pages\/18\/revisions"}],"predecessor-version":[{"id":162,"href":"https:\/\/pillevaljataga.com\/assistent\/wp-json\/wp\/v2\/pages\/18\/revisions\/162"}],"wp:attachment":[{"href":"https:\/\/pillevaljataga.com\/assistent\/wp-json\/wp\/v2\/media?parent=18"}],"curies":[{"name":"wp","href":"https:\/\/api.w.org\/{rel}","templated":true}]}}