{"id":17,"date":"2024-04-01T17:04:35","date_gmt":"2024-04-01T17:04:35","guid":{"rendered":"https:\/\/pillevaljataga.com\/assistent\/soovitused\/"},"modified":"2025-01-08T17:50:08","modified_gmt":"2025-01-08T17:50:08","slug":"soovitused","status":"publish","type":"page","link":"https:\/\/pillevaljataga.com\/assistent\/soovitused\/","title":{"rendered":"Kogemused"},"content":{"rendered":"\n<div class=\"wp-block-group alignfull has-background-background-color has-background is-layout-constrained wp-block-group-is-layout-constrained\" style=\"margin-top:0;margin-bottom:0;padding-top:0\">\n<div class=\"wp-block-cover alignfull\" style=\"padding-top:0;padding-right:0;padding-bottom:0;padding-left:0;min-height:50px;aspect-ratio:unset;\"><span aria-hidden=\"true\" class=\"wp-block-cover__background has-black-background-color has-background-dim-60 has-background-dim\"><\/span><img loading=\"lazy\" decoding=\"async\" width=\"800\" height=\"600\" class=\"wp-block-cover__image-background wp-image-51\" alt=\"\" src=\"https:\/\/pillevaljataga.com\/assistent\/wp-content\/uploads\/2024\/04\/2-Dog-Funny-Comparison-Photos-with-Text-Meme-1-copy.png\" data-object-fit=\"cover\" srcset=\"https:\/\/pillevaljataga.com\/assistent\/wp-content\/uploads\/2024\/04\/2-Dog-Funny-Comparison-Photos-with-Text-Meme-1-copy.png 800w, https:\/\/pillevaljataga.com\/assistent\/wp-content\/uploads\/2024\/04\/2-Dog-Funny-Comparison-Photos-with-Text-Meme-1-copy-300x225.png 300w, https:\/\/pillevaljataga.com\/assistent\/wp-content\/uploads\/2024\/04\/2-Dog-Funny-Comparison-Photos-with-Text-Meme-1-copy-768x576.png 768w, https:\/\/pillevaljataga.com\/assistent\/wp-content\/uploads\/2024\/04\/2-Dog-Funny-Comparison-Photos-with-Text-Meme-1-copy-600x450.png 600w\" sizes=\"auto, (max-width: 800px) 100vw, 800px\" \/><div class=\"wp-block-cover__inner-container is-layout-flow wp-block-cover-is-layout-flow\">\n<div class=\"wp-block-group is-layout-constrained wp-container-core-group-is-layout-dc79e9a9 wp-block-group-is-layout-constrained\" style=\"padding-top:var(--wp--preset--spacing--60);padding-right:var(--wp--preset--spacing--30);padding-bottom:var(--wp--preset--spacing--60);padding-left:var(--wp--preset--spacing--30)\">\n<p><\/p>\n<\/div>\n<\/div><\/div>\n<\/div>\n\n\n\n<div class=\"inherit-container-width wp-block-group alignfull has-background-background-color has-background is-layout-constrained wp-container-core-group-is-layout-fb85e995 wp-block-group-is-layout-constrained\" style=\"margin-top:0;margin-bottom:0;padding-top:var(--wp--preset--spacing--60);padding-right:var(--wp--preset--spacing--30);padding-bottom:var(--wp--preset--spacing--60);padding-left:var(--wp--preset--spacing--30)\">\n<p>Siit lehelt leiad v\u00e4ikese \u00fclevaate minu tehtud t\u00f6\u00f6dest. <\/p>\n<\/div>\n\n\n\n<div class=\"wp-block-group is-layout-constrained wp-block-group-is-layout-constrained\">\n<h2 class=\"wp-block-heading\">Tehtud kodulehed ja e-poed<\/h2>\n\n\n\n<div class=\"wp-block-columns is-layout-flex wp-container-core-columns-is-layout-28f84493 wp-block-columns-is-layout-flex\">\n<div class=\"wp-block-column is-layout-flow wp-block-column-is-layout-flow\">\n<div class=\"wp-block-group is-layout-constrained wp-block-group-is-layout-constrained\">\n<figure class=\"wp-block-video\"><video height=\"858\" style=\"aspect-ratio: 1748 \/ 858;\" width=\"1748\" controls src=\"https:\/\/pillevaljataga.com\/assistent\/wp-content\/uploads\/2024\/04\/Imelooma-e-pood.mp4\"><\/video><\/figure>\n<\/div>\n\n\n\n<p>Minu tehtud ja minu hallatav e-pood, mis m\u00fc\u00fcb linnu-, looma- ja putukakost\u00fc\u00fcme lastele ja lapsemeelsetele. Praegu juba 7-aastane.<\/p>\n\n\n\n<div class=\"wp-block-buttons is-layout-flex wp-block-buttons-is-layout-flex\">\n<div class=\"wp-block-button\"><a class=\"wp-block-button__link wp-element-button\" href=\"https:\/\/imeloom.ee\">Vaata lehte<\/a><\/div>\n<\/div>\n<\/div>\n\n\n\n<div class=\"wp-block-column is-layout-flow wp-block-column-is-layout-flow\">\n<div class=\"wp-block-group is-layout-constrained wp-block-group-is-layout-constrained\">\n<figure class=\"wp-block-video\"><video height=\"818\" style=\"aspect-ratio: 1404 \/ 818;\" width=\"1404\" controls src=\"https:\/\/pillevaljataga.com\/assistent\/wp-content\/uploads\/2024\/04\/Imeloomlaenutus.mp4\"><\/video><\/figure>\n<\/div>\n\n\n\n<p>Imelooma kost\u00fc\u00fcmilaenutus laenutab looma-, linnu- ja putukakost\u00fc\u00fcme pakiautomaadi kaudu \u00fcle Eesti. Minu tehtud ja minu hallatud.<\/p>\n\n\n\n<div class=\"wp-block-buttons is-layout-flex wp-block-buttons-is-layout-flex\">\n<div class=\"wp-block-button\"><a class=\"wp-block-button__link wp-element-button\">Vaata lehte<\/a><\/div>\n<\/div>\n<\/div>\n\n\n\n<div class=\"wp-block-column is-layout-flow wp-block-column-is-layout-flow\">\n<figure class=\"wp-block-video\"><video height=\"810\" style=\"aspect-ratio: 1386 \/ 810;\" width=\"1386\" controls src=\"https:\/\/pillevaljataga.com\/assistent\/wp-content\/uploads\/2024\/04\/Looduskiikerepood.mp4\"><\/video><\/figure>\n\n\n\n<p>Minu tehtud ja minu hallatav e-pood, mis m\u00fc\u00fcb loodusega seotud \u00f5ppeplakateid, korraldab \u00f5ues\u00fcnnip\u00e4evi ja viib lapsed matkama. <\/p>\n\n\n\n<div class=\"wp-block-buttons is-layout-flex wp-block-buttons-is-layout-flex\">\n<div class=\"wp-block-button\"><a class=\"wp-block-button__link wp-element-button\" href=\"https:\/\/looduskiiker.ee\">Vaata lehte<\/a><\/div>\n<\/div>\n<\/div>\n<\/div>\n<\/div>\n\n\n\n<div class=\"wp-block-group is-layout-constrained wp-block-group-is-layout-constrained\">\n<div class=\"wp-block-columns is-layout-flex wp-container-core-columns-is-layout-28f84493 wp-block-columns-is-layout-flex\">\n<div class=\"wp-block-column is-layout-flow wp-block-column-is-layout-flow\">\n<div class=\"wp-block-group is-layout-constrained wp-block-group-is-layout-constrained\">\n<figure class=\"wp-block-video\"><video height=\"818\" style=\"aspect-ratio: 1556 \/ 818;\" width=\"1556\" controls src=\"https:\/\/pillevaljataga.com\/assistent\/wp-content\/uploads\/2024\/04\/EMLkoduleht.mp4\"><\/video><\/figure>\n<\/div>\n\n\n\n<p>Minu tehtud ja minu hallatav Eesti Matkaliidu koduleht, mis aitab sind kursis hoida uudistega ja organisatsioonis toimuvaga. <\/p>\n\n\n\n<div class=\"wp-block-buttons is-layout-flex wp-block-buttons-is-layout-flex\">\n<div class=\"wp-block-button\"><a class=\"wp-block-button__link wp-element-button\" href=\"https:\/\/matkaliit.ee\">Vaata lehte<\/a><\/div>\n<\/div>\n<\/div>\n\n\n\n<div class=\"wp-block-column is-layout-flow wp-block-column-is-layout-flow\">\n<div class=\"wp-block-group is-layout-constrained wp-block-group-is-layout-constrained\">\n<figure class=\"wp-block-video\"><video height=\"774\" style=\"aspect-ratio: 1446 \/ 774;\" width=\"1446\" controls src=\"https:\/\/pillevaljataga.com\/assistent\/wp-content\/uploads\/2024\/04\/pillevaljataga.mp4\"><\/video><\/figure>\n<\/div>\n\n\n\n<p>See on minu tegemiste portfoolio ja siinesitletud lehtedest k\u00f5ige vanem, olnud olemas juba \u00fcle 10 aasta. <\/p>\n\n\n\n<div class=\"wp-block-buttons is-layout-flex wp-block-buttons-is-layout-flex\">\n<div class=\"wp-block-button\"><a class=\"wp-block-button__link wp-element-button\" href=\"https:\/\/pillevaljataga.com\">Vaata lehte<\/a><\/div>\n<\/div>\n<\/div>\n\n\n\n<div class=\"wp-block-column is-layout-flow wp-block-column-is-layout-flow\">\n<figure class=\"wp-block-video\"><video height=\"864\" style=\"aspect-ratio: 1896 \/ 864;\" width=\"1896\" controls src=\"https:\/\/pillevaljataga.com\/assistent\/wp-content\/uploads\/2024\/04\/ulviepood.mp4\"><\/video><\/figure>\n\n\n\n<p>Ulvi disainib ja loob lapsevankritele aksessuaare. epood kasutab Montonio makse- ja postitamise lahendust ja on minu tehtud.<\/p>\n\n\n\n<div class=\"wp-block-buttons is-layout-flex wp-block-buttons-is-layout-flex\">\n<div class=\"wp-block-button\"><a class=\"wp-block-button__link wp-element-button\" href=\"https:\/\/jaagordesire.eu\/\">Vaata lehte<\/a><\/div>\n<\/div>\n<\/div>\n<\/div>\n<\/div>\n\n\n\n<div class=\"wp-block-group alignfull has-background-background-color has-background is-layout-constrained wp-container-core-group-is-layout-c03f3b2a wp-block-group-is-layout-constrained\" style=\"padding-top:var(--wp--preset--spacing--60);padding-right:var(--wp--preset--spacing--30);padding-bottom:var(--wp--preset--spacing--60);padding-left:var(--wp--preset--spacing--30)\">\n<hr class=\"wp-block-separator has-alpha-channel-opacity\"\/>\n<\/div>\n\n\n\n<div class=\"wp-block-group is-layout-constrained wp-block-group-is-layout-constrained\">\n<h2 class=\"wp-block-heading\">Canva kujundused<\/h2>\n\n\n\n<div class=\"wp-block-columns is-layout-flex wp-container-core-columns-is-layout-28f84493 wp-block-columns-is-layout-flex\">\n<div class=\"wp-block-column is-layout-flow wp-block-column-is-layout-flow\" style=\"flex-basis:100%\">\n<div class=\"wp-block-columns is-layout-flex wp-container-core-columns-is-layout-28f84493 wp-block-columns-is-layout-flex\">\n<div class=\"wp-block-column is-layout-flow wp-block-column-is-layout-flow\">\n<figure class=\"wp-block-image size-large\"><img loading=\"lazy\" decoding=\"async\" width=\"1024\" height=\"1024\" src=\"https:\/\/pillevaljataga.com\/assistent\/wp-content\/uploads\/2024\/05\/Green-Natural-Quote-Instagram-Post-2-1024x1024.jpg\" alt=\"\" class=\"wp-image-103\" srcset=\"https:\/\/pillevaljataga.com\/assistent\/wp-content\/uploads\/2024\/05\/Green-Natural-Quote-Instagram-Post-2-1024x1024.jpg 1024w, https:\/\/pillevaljataga.com\/assistent\/wp-content\/uploads\/2024\/05\/Green-Natural-Quote-Instagram-Post-2-300x300.jpg 300w, https:\/\/pillevaljataga.com\/assistent\/wp-content\/uploads\/2024\/05\/Green-Natural-Quote-Instagram-Post-2-150x150.jpg 150w, https:\/\/pillevaljataga.com\/assistent\/wp-content\/uploads\/2024\/05\/Green-Natural-Quote-Instagram-Post-2-768x768.jpg 768w, https:\/\/pillevaljataga.com\/assistent\/wp-content\/uploads\/2024\/05\/Green-Natural-Quote-Instagram-Post-2-600x600.jpg 600w, https:\/\/pillevaljataga.com\/assistent\/wp-content\/uploads\/2024\/05\/Green-Natural-Quote-Instagram-Post-2-100x100.jpg 100w, https:\/\/pillevaljataga.com\/assistent\/wp-content\/uploads\/2024\/05\/Green-Natural-Quote-Instagram-Post-2.jpg 1080w\" sizes=\"auto, (max-width: 1024px) 100vw, 1024px\" \/><figcaption class=\"wp-element-caption\">Sotsiaalmeedia postitused<\/figcaption><\/figure>\n<\/div>\n\n\n\n<div class=\"wp-block-column is-layout-flow wp-block-column-is-layout-flow\">\n<figure class=\"wp-block-image size-large\"><img loading=\"lazy\" decoding=\"async\" width=\"1024\" height=\"1024\" src=\"https:\/\/pillevaljataga.com\/assistent\/wp-content\/uploads\/2024\/05\/fotoposter-1024x1024.jpg\" alt=\"\" class=\"wp-image-106\" srcset=\"https:\/\/pillevaljataga.com\/assistent\/wp-content\/uploads\/2024\/05\/fotoposter-1024x1024.jpg 1024w, https:\/\/pillevaljataga.com\/assistent\/wp-content\/uploads\/2024\/05\/fotoposter-300x300.jpg 300w, https:\/\/pillevaljataga.com\/assistent\/wp-content\/uploads\/2024\/05\/fotoposter-150x150.jpg 150w, https:\/\/pillevaljataga.com\/assistent\/wp-content\/uploads\/2024\/05\/fotoposter-768x768.jpg 768w, https:\/\/pillevaljataga.com\/assistent\/wp-content\/uploads\/2024\/05\/fotoposter-1536x1536.jpg 1536w, https:\/\/pillevaljataga.com\/assistent\/wp-content\/uploads\/2024\/05\/fotoposter-2048x2048.jpg 2048w, https:\/\/pillevaljataga.com\/assistent\/wp-content\/uploads\/2024\/05\/fotoposter-600x600.jpg 600w, https:\/\/pillevaljataga.com\/assistent\/wp-content\/uploads\/2024\/05\/fotoposter-100x100.jpg 100w\" sizes=\"auto, (max-width: 1024px) 100vw, 1024px\" \/><figcaption class=\"wp-element-caption\">Postrid ja plakatid<\/figcaption><\/figure>\n<\/div>\n\n\n\n<div class=\"wp-block-column is-layout-flow wp-block-column-is-layout-flow\">\n<figure class=\"wp-block-video\"><video height=\"1350\" style=\"aspect-ratio: 1080 \/ 1350;\" width=\"1080\" controls src=\"https:\/\/pillevaljataga.com\/assistent\/wp-content\/uploads\/2024\/05\/Joulumatkad2.mp4\"><\/video><\/figure>\n<\/div>\n<\/div>\n<\/div>\n<\/div>\n<\/div>\n\n\n\n<hr class=\"wp-block-separator has-alpha-channel-opacity\"\/>\n\n\n\n<div class=\"inherit-container-width wp-block-group alignfull has-background-background-color has-background is-layout-constrained wp-container-core-group-is-layout-7276a2bb wp-block-group-is-layout-constrained\" style=\"margin-top:0;margin-bottom:0;padding-top:var(--wp--preset--spacing--60);padding-right:var(--wp--preset--spacing--30);padding-bottom:var(--wp--preset--spacing--60);padding-left:var(--wp--preset--spacing--30)\">\n<div class=\"wp-block-group alignwide is-content-justification-left is-layout-constrained wp-container-core-group-is-layout-8b4c372c wp-block-group-is-layout-constrained\">\n<h3 class=\"wp-block-heading has-text-align-left\">\u00dcritused ja s\u00fcndmused<\/h3>\n\n\n\n<p class=\"has-text-align-left\" style=\"margin-top:16px\">Olen korraldanud ja koordineerinud erinevaid s\u00fcndmusi: Matkamess, Eesti matkajate kokkutulekud, Liikumisaasta 2023 matkakuu, Eesti meistriv\u00f5istlusi, j\u00f5ulumatkad aastal 2018, kus toimus \u00fcheaegselt 80 erinevat matka jne<\/p>\n<\/div>\n\n\n\n<div class=\"wp-block-columns alignwide is-layout-flex wp-container-core-columns-is-layout-b5bd292d wp-block-columns-is-layout-flex\" style=\"margin-top:var(--wp--preset--spacing--50)\">\n<div class=\"wp-block-column is-layout-flow wp-block-column-is-layout-flow\" style=\"flex-basis:33.33%\">\n<div class=\"wp-block-cover\" style=\"min-height:50vh;aspect-ratio:unset;\"><span aria-hidden=\"true\" class=\"wp-block-cover__background has-background-dim-0 has-background-dim\" style=\"background-color:#78837f\"><\/span><img loading=\"lazy\" decoding=\"async\" width=\"1024\" height=\"605\" class=\"wp-block-cover__image-background wp-image-110\" alt=\"\" src=\"https:\/\/pillevaljataga.com\/assistent\/wp-content\/uploads\/2024\/05\/EMV-2018-medal-4.jpg\" data-object-fit=\"cover\" srcset=\"https:\/\/pillevaljataga.com\/assistent\/wp-content\/uploads\/2024\/05\/EMV-2018-medal-4.jpg 1024w, https:\/\/pillevaljataga.com\/assistent\/wp-content\/uploads\/2024\/05\/EMV-2018-medal-4-300x177.jpg 300w, https:\/\/pillevaljataga.com\/assistent\/wp-content\/uploads\/2024\/05\/EMV-2018-medal-4-768x454.jpg 768w, https:\/\/pillevaljataga.com\/assistent\/wp-content\/uploads\/2024\/05\/EMV-2018-medal-4-600x354.jpg 600w\" sizes=\"auto, (max-width: 1024px) 100vw, 1024px\" \/><div class=\"wp-block-cover__inner-container is-layout-flow wp-block-cover-is-layout-flow\">\n<p class=\"has-text-align-center has-large-font-size\"><\/p>\n<\/div><\/div>\n\n\n\n<h4 class=\"wp-block-heading has-small-font-size\" style=\"margin-top:24px;font-style:normal;font-weight:400\">Registreerimine, medalid, diplomid, sotsiaalmeedia<\/h4>\n\n\n\n<h3 class=\"wp-block-heading has-medium-font-size\" style=\"margin-top:12px\">Eesti meistriv\u00f5istlused<\/h3>\n<\/div>\n\n\n\n<div class=\"wp-block-column is-layout-flow wp-block-column-is-layout-flow\" style=\"flex-basis:66.66%\">\n<div class=\"wp-block-cover\" style=\"min-height:50vh;aspect-ratio:unset;\"><span aria-hidden=\"true\" class=\"wp-block-cover__background has-background-dim-0 has-background-dim\" style=\"background-color:#575a56\"><\/span><img loading=\"lazy\" decoding=\"async\" width=\"760\" height=\"399\" class=\"wp-block-cover__image-background wp-image-107\" alt=\"\" src=\"https:\/\/pillevaljataga.com\/assistent\/wp-content\/uploads\/2024\/05\/Matkamess-2019-e1547545890833.jpg\" data-object-fit=\"cover\" srcset=\"https:\/\/pillevaljataga.com\/assistent\/wp-content\/uploads\/2024\/05\/Matkamess-2019-e1547545890833.jpg 760w, https:\/\/pillevaljataga.com\/assistent\/wp-content\/uploads\/2024\/05\/Matkamess-2019-e1547545890833-300x158.jpg 300w, https:\/\/pillevaljataga.com\/assistent\/wp-content\/uploads\/2024\/05\/Matkamess-2019-e1547545890833-600x315.jpg 600w\" sizes=\"auto, (max-width: 760px) 100vw, 760px\" \/><div class=\"wp-block-cover__inner-container is-layout-flow wp-block-cover-is-layout-flow\">\n<p class=\"has-text-align-center has-large-font-size\"><\/p>\n<\/div><\/div>\n\n\n\n<h4 class=\"wp-block-heading has-small-font-size\" style=\"margin-top:24px;font-style:normal;font-weight:400\">Olin projektijuht kahel aastal. Matkamess toimus aprillikuus Tallinna Lauluv\u00e4ljakul. <\/h4>\n\n\n\n<h3 class=\"wp-block-heading has-medium-font-size\" style=\"margin-top:12px\">Matkamess<\/h3>\n<\/div>\n<\/div>\n\n\n\n<div class=\"wp-block-columns alignwide is-layout-flex wp-container-core-columns-is-layout-47c06fe3 wp-block-columns-is-layout-flex\">\n<div class=\"wp-block-column is-layout-flow wp-block-column-is-layout-flow\" style=\"flex-basis:66.66%\">\n<div class=\"wp-block-cover is-light\" style=\"min-height:50vh;aspect-ratio:unset;\"><span aria-hidden=\"true\" class=\"wp-block-cover__background has-background-dim-0 has-background-dim\" style=\"background-color:#a8b1bb\"><\/span><img loading=\"lazy\" decoding=\"async\" width=\"1640\" height=\"924\" class=\"wp-block-cover__image-background wp-image-109\" alt=\"\" src=\"https:\/\/pillevaljataga.com\/assistent\/wp-content\/uploads\/2024\/05\/LAHME-KOKKUTULEKULE-Facebook-Cover.jpg\" data-object-fit=\"cover\" srcset=\"https:\/\/pillevaljataga.com\/assistent\/wp-content\/uploads\/2024\/05\/LAHME-KOKKUTULEKULE-Facebook-Cover.jpg 1640w, https:\/\/pillevaljataga.com\/assistent\/wp-content\/uploads\/2024\/05\/LAHME-KOKKUTULEKULE-Facebook-Cover-300x169.jpg 300w, https:\/\/pillevaljataga.com\/assistent\/wp-content\/uploads\/2024\/05\/LAHME-KOKKUTULEKULE-Facebook-Cover-1024x577.jpg 1024w, https:\/\/pillevaljataga.com\/assistent\/wp-content\/uploads\/2024\/05\/LAHME-KOKKUTULEKULE-Facebook-Cover-768x433.jpg 768w, https:\/\/pillevaljataga.com\/assistent\/wp-content\/uploads\/2024\/05\/LAHME-KOKKUTULEKULE-Facebook-Cover-1536x865.jpg 1536w, https:\/\/pillevaljataga.com\/assistent\/wp-content\/uploads\/2024\/05\/LAHME-KOKKUTULEKULE-Facebook-Cover-600x338.jpg 600w\" sizes=\"auto, (max-width: 1640px) 100vw, 1640px\" \/><div class=\"wp-block-cover__inner-container is-layout-flow wp-block-cover-is-layout-flow\">\n<p class=\"has-text-align-center has-large-font-size\"><\/p>\n<\/div><\/div>\n\n\n\n<h4 class=\"wp-block-heading has-small-font-size\" style=\"margin-top:24px;font-style:normal;font-weight:400\">Kaks p\u00e4eva, \u00f6\u00f6bimisega, umbes 100 inimest, programm, pidu, parimate tunnustamine jne. <\/h4>\n\n\n\n<h3 class=\"wp-block-heading has-medium-font-size\" style=\"margin-top:12px\">Eesti matkajate kokkutulekud<\/h3>\n<\/div>\n\n\n\n<div class=\"wp-block-column is-layout-flow wp-block-column-is-layout-flow\" style=\"flex-basis:33.33%\">\n<div class=\"wp-block-cover is-light\" style=\"min-height:50vh;aspect-ratio:unset;\"><span aria-hidden=\"true\" class=\"wp-block-cover__background has-background-dim-0 has-background-dim\" style=\"background-color:#9ab0c3\"><\/span><img loading=\"lazy\" decoding=\"async\" width=\"800\" height=\"600\" class=\"wp-block-cover__image-background wp-image-111\" alt=\"\" src=\"https:\/\/pillevaljataga.com\/assistent\/wp-content\/uploads\/2024\/05\/liikumisaasta.jpg\" data-object-fit=\"cover\" srcset=\"https:\/\/pillevaljataga.com\/assistent\/wp-content\/uploads\/2024\/05\/liikumisaasta.jpg 800w, https:\/\/pillevaljataga.com\/assistent\/wp-content\/uploads\/2024\/05\/liikumisaasta-300x225.jpg 300w, https:\/\/pillevaljataga.com\/assistent\/wp-content\/uploads\/2024\/05\/liikumisaasta-768x576.jpg 768w, https:\/\/pillevaljataga.com\/assistent\/wp-content\/uploads\/2024\/05\/liikumisaasta-600x450.jpg 600w\" sizes=\"auto, (max-width: 800px) 100vw, 800px\" \/><div class=\"wp-block-cover__inner-container is-layout-flow wp-block-cover-is-layout-flow\">\n<p class=\"has-text-align-center has-large-font-size\"><\/p>\n<\/div><\/div>\n\n\n\n<h4 class=\"wp-block-heading has-small-font-size\" style=\"margin-top:24px;font-style:normal;font-weight:400\">Erinevate l\u00fchiajaliste projektide koordineerimine<\/h4>\n\n\n\n<h3 class=\"wp-block-heading has-medium-font-size\" style=\"margin-top:12px\">Projektijuhtimine<\/h3>\n<\/div>\n<\/div>\n<\/div>\n","protected":false},"excerpt":{"rendered":"<p>Siit lehelt leiad v\u00e4ikese \u00fclevaate minu tehtud t\u00f6\u00f6dest. Tehtud kodulehed ja e-poed Minu tehtud ja minu hallatav e-pood, mis m\u00fc\u00fcb [&hellip;]<\/p>\n","protected":false},"author":1,"featured_media":0,"parent":0,"menu_order":0,"comment_status":"closed","ping_status":"closed","template":"no-title","meta":{"site-sidebar-layout":"default","site-content-layout":"","ast-site-content-layout":"default","site-content-style":"default","site-sidebar-style":"default","ast-global-header-display":"","ast-banner-title-visibility":"","ast-main-header-display":"","ast-hfb-above-header-display":"","ast-hfb-below-header-display":"","ast-hfb-mobile-header-display":"","site-post-title":"","ast-breadcrumbs-content":"","ast-featured-img":"","footer-sml-layout":"","ast-disable-related-posts":"","theme-transparent-header-meta":"","adv-header-id-meta":"","stick-header-meta":"","header-above-stick-meta":"","header-main-stick-meta":"","header-below-stick-meta":"","astra-migrate-meta-layouts":"default","ast-page-background-enabled":"default","ast-page-background-meta":{"desktop":{"background-color":"var(--ast-global-color-4)","background-image":"","background-repeat":"repeat","background-position":"center center","background-size":"auto","background-attachment":"scroll","background-type":"","background-media":"","overlay-type":"","overlay-color":"","overlay-opacity":"","overlay-gradient":""},"tablet":{"background-color":"","background-image":"","background-repeat":"repeat","background-position":"center center","background-size":"auto","background-attachment":"scroll","background-type":"","background-media":"","overlay-type":"","overlay-color":"","overlay-opacity":"","overlay-gradient":""},"mobile":{"background-color":"","background-image":"","background-repeat":"repeat","background-position":"center center","background-size":"auto","background-attachment":"scroll","background-type":"","background-media":"","overlay-type":"","overlay-color":"","overlay-opacity":"","overlay-gradient":""}},"ast-content-background-meta":{"desktop":{"background-color":"var(--ast-global-color-5)","background-image":"","background-repeat":"repeat","background-position":"center center","background-size":"auto","background-attachment":"scroll","background-type":"","background-media":"","overlay-type":"","overlay-color":"","overlay-opacity":"","overlay-gradient":""},"tablet":{"background-color":"var(--ast-global-color-5)","background-image":"","background-repeat":"repeat","background-position":"center center","background-size":"auto","background-attachment":"scroll","background-type":"","background-media":"","overlay-type":"","overlay-color":"","overlay-opacity":"","overlay-gradient":""},"mobile":{"background-color":"var(--ast-global-color-5)","background-image":"","background-repeat":"repeat","background-position":"center center","background-size":"auto","background-attachment":"scroll","background-type":"","background-media":"","overlay-type":"","overlay-color":"","overlay-opacity":"","overlay-gradient":""}},"footnotes":""},"class_list":["post-17","page","type-page","status-publish","hentry"],"_links":{"self":[{"href":"https:\/\/pillevaljataga.com\/assistent\/wp-json\/wp\/v2\/pages\/17","targetHints":{"allow":["GET"]}}],"collection":[{"href":"https:\/\/pillevaljataga.com\/assistent\/wp-json\/wp\/v2\/pages"}],"about":[{"href":"https:\/\/pillevaljataga.com\/assistent\/wp-json\/wp\/v2\/types\/page"}],"author":[{"embeddable":true,"href":"https:\/\/pillevaljataga.com\/assistent\/wp-json\/wp\/v2\/users\/1"}],"replies":[{"embeddable":true,"href":"https:\/\/pillevaljataga.com\/assistent\/wp-json\/wp\/v2\/comments?post=17"}],"version-history":[{"count":7,"href":"https:\/\/pillevaljataga.com\/assistent\/wp-json\/wp\/v2\/pages\/17\/revisions"}],"predecessor-version":[{"id":112,"href":"https:\/\/pillevaljataga.com\/assistent\/wp-json\/wp\/v2\/pages\/17\/revisions\/112"}],"wp:attachment":[{"href":"https:\/\/pillevaljataga.com\/assistent\/wp-json\/wp\/v2\/media?parent=17"}],"curies":[{"name":"wp","href":"https:\/\/api.w.org\/{rel}","templated":true}]}}